{"id":2940,"date":"2019-04-22T12:13:42","date_gmt":"2019-04-22T10:13:42","guid":{"rendered":"https:\/\/mades.es\/?page_id=2940"},"modified":"2022-12-14T10:40:32","modified_gmt":"2022-12-14T09:40:32","slug":"contacto","status":"publish","type":"page","link":"https:\/\/mades.es\/es\/contacto\/","title":{"rendered":"CONTACTO"},"content":{"rendered":"<div class=\"wpb-content-wrapper\">[mk_page_section vertical_align=\u00bbcenter\u00bb adaptive_height=\u00bbtrue\u00bb overflow=\u00bbtrue\u00bb max_height=\u00bb300&#8243; min_height=\u00bb300&#8243; js_vertical_centered=\u00bbtrue\u00bb padding_top=\u00bb0&#8243; padding_bottom=\u00bb0&#8243; sidebar=\u00bbsidebar-1&#8243;][vc_column width=\u00bb3\/4&#8243; css=\u00bb.vc_custom_1554800293540{margin-bottom: 0px !important;}\u00bb][vc_row_inner css=\u00bb.vc_custom_1554711114991{padding-top: 30px !important;padding-bottom: 0px !important;}\u00bb][vc_column_inner width=\u00bb1\/3&#8243;]<div tabindex=\"0\" class=\"ult-new-ib ult-ib-effect-style13 clase-enlace ult-ib-resp  \" data-min-width=\"768\" data-max-width=\"900\" style=\"background:#000000;\" data-opacity=\"0.6\" data-hover-opacity=\"0.8\" ><img decoding=\"async\" class=\"ult-new-ib-img\" style=\"opacity:0.6;\" alt=\"null\" src=\"https:\/\/mades.es\/wp-content\/uploads\/climate-and-leisure.jpg\"   \/><div id=\"interactive-banner-wrap-1047\" class=\"ult-new-ib-desc\" style=\"\"><h2 class=\"ult-new-ib-title ult-responsive\"  data-ultimate-target='#interactive-banner-wrap-1047 .ult-new-ib-title'  data-responsive-json-new='{\"font-size\":\"desktop:22px;\",\"line-height\":\"\"}'  style=\"font-family:&#039;Oswald&#039;;font-weight:700;color:#ffffff;\">CLIMA Y OCIO<\/h2><\/div><a class=\"ult-new-ib-link\" href=\"http:\/\/www.malagaturismo.com\/es\/paginas\/clima\/249\" target=\"_blank\" rel=\"noopener\"  ><\/a><\/div><div tabindex=\"0\" class=\"ult-new-ib ult-ib-effect-style13 clase-enlace ult-ib-resp  \" data-min-width=\"768\" data-max-width=\"900\" style=\"background:#000000;\" data-opacity=\"0.6\" data-hover-opacity=\"0.8\" ><img decoding=\"async\" class=\"ult-new-ib-img\" style=\"opacity:0.6;\" alt=\"null\" src=\"https:\/\/mades.es\/wp-content\/uploads\/culture.jpg\"   \/><div id=\"interactive-banner-wrap-3848\" class=\"ult-new-ib-desc\" style=\"\"><h2 class=\"ult-new-ib-title ult-responsive\"  data-ultimate-target='#interactive-banner-wrap-3848 .ult-new-ib-title'  data-responsive-json-new='{\"font-size\":\"desktop:22px;\",\"line-height\":\"\"}'  style=\"font-family:&#039;Oswald&#039;;font-weight:700;color:#ffffff;\">CULTURA<\/h2><\/div><a class=\"ult-new-ib-link\" href=\"http:\/\/www.malagaturismo.com\/es\/site\/descubremalaga\" target=\"_blank\" rel=\"noopener\"  ><\/a><\/div>[\/vc_column_inner][vc_column_inner width=\u00bb1\/3&#8243;]<div tabindex=\"0\" class=\"ult-new-ib ult-ib-effect-style13 clase-enlace ult-ib-resp  \" data-min-width=\"768\" data-max-width=\"900\" style=\"background:#000000;\" data-opacity=\"0.6\" data-hover-opacity=\"0.8\" ><img decoding=\"async\" class=\"ult-new-ib-img\" style=\"opacity:0.6;\" alt=\"null\" src=\"https:\/\/mades.es\/wp-content\/uploads\/malaga-video.jpg\"   \/><div id=\"interactive-banner-wrap-3376\" class=\"ult-new-ib-desc\" style=\"\"><h2 class=\"ult-new-ib-title ult-responsive\"  data-ultimate-target='#interactive-banner-wrap-3376 .ult-new-ib-title'  data-responsive-json-new='{\"font-size\":\"desktop:22px;\",\"line-height\":\"\"}'  style=\"font-family:&#039;Oswald&#039;;font-weight:700;color:#ffffff;\">M\u00c1LAGA V\u00cdDEO<\/h2><\/div><a class=\"ult-new-ib-link\" href=\"https:\/\/www.youtube.com\/watch?v=z_IyaKCij1c\" target=\"_blank\" rel=\"noopener\"  ><\/a><\/div><div tabindex=\"0\" class=\"ult-new-ib ult-ib-effect-style13 clase-enlace ult-ib-resp  \" data-min-width=\"768\" data-max-width=\"900\" style=\"background:#000000;\" data-opacity=\"0.6\" data-hover-opacity=\"0.8\" ><img decoding=\"async\" class=\"ult-new-ib-img\" style=\"opacity:0.6;\" alt=\"null\" src=\"https:\/\/mades.es\/wp-content\/uploads\/gastronomy.jpg\"   \/><div id=\"interactive-banner-wrap-5728\" class=\"ult-new-ib-desc\" style=\"\"><h2 class=\"ult-new-ib-title ult-responsive\"  data-ultimate-target='#interactive-banner-wrap-5728 .ult-new-ib-title'  data-responsive-json-new='{\"font-size\":\"desktop:22px;\",\"line-height\":\"\"}'  style=\"font-family:&#039;Oswald&#039;;font-weight:700;color:#ffffff;\">GASTRONOM\u00cdA Y TURISMO<\/h2><\/div><a class=\"ult-new-ib-link\" href=\"http:\/\/www.malagaturismo.com\/es\" target=\"_blank\" rel=\"noopener\"  ><\/a><\/div>[\/vc_column_inner][vc_column_inner width=\u00bb1\/3&#8243;]<div tabindex=\"0\" class=\"ult-new-ib ult-ib-effect-style13 openphotogallery ult-ib-resp  \" data-min-width=\"768\" data-max-width=\"900\" style=\"background:#000000;\" data-opacity=\"0.6\" data-hover-opacity=\"0.8\" ><img decoding=\"async\" class=\"ult-new-ib-img\" style=\"opacity:0.6;\" alt=\"null\" src=\"https:\/\/mades.es\/wp-content\/uploads\/plant-photos.jpg\"   \/><div id=\"interactive-banner-wrap-2568\" class=\"ult-new-ib-desc\" style=\"\"><h2 class=\"ult-new-ib-title ult-responsive\"  data-ultimate-target='#interactive-banner-wrap-2568 .ult-new-ib-title'  data-responsive-json-new='{\"font-size\":\"desktop:22px;\",\"line-height\":\"\"}'  style=\"font-family:&#039;Oswald&#039;;font-weight:700;color:#ffffff;\">GALER\u00cdA DE FOTOS<\/h2><\/div><a class=\"ult-new-ib-link\" href=\"#modal-trg-txt-wrap-6496\"  ><\/a><\/div><div tabindex=\"0\" class=\"ult-new-ib ult-ib-effect-style13 clase-enlace ult-ib-resp  \" data-min-width=\"768\" data-max-width=\"900\" style=\"background:#000000;\" data-opacity=\"0.6\" data-hover-opacity=\"0.8\" ><img decoding=\"async\" class=\"ult-new-ib-img\" style=\"opacity:0.6;\" alt=\"null\" src=\"https:\/\/mades.es\/wp-content\/uploads\/technology-park.jpg\"   \/><div id=\"interactive-banner-wrap-7797\" class=\"ult-new-ib-desc\" style=\"\"><h2 class=\"ult-new-ib-title ult-responsive\"  data-ultimate-target='#interactive-banner-wrap-7797 .ult-new-ib-title'  data-responsive-json-new='{\"font-size\":\"desktop:22px;\",\"line-height\":\"\"}'  style=\"font-family:&#039;Oswald&#039;;font-weight:700;color:#ffffff;\">M\u00c1LAGA TECHPARK<\/h2><\/div><a class=\"ult-new-ib-link\" href=\"http:\/\/www.pta.es\/\" target=\"_blank\" rel=\"nofollow noopener\"  ><\/a><\/div>[\/vc_column_inner][\/vc_row_inner]<div id=\"modal-trg-txt-wrap-6962\" class=\"ult-modal-input-wrapper ult-adjust-bottom-margin    \" data-keypress-control=\"keypress-control-enable\" data-overlay-control=\"overlay-control-enable\"><span data-class-id=\"content-69e79830d5d194-47430726\"><\/span>\n\t\t\t\t<script type=\"text\/javascript\">\n\t\t\t\t(function($){\n\t\t\t\t\t$(document).ready(function(){\n\t\t\t\t\t\tvar selector = \".openphotogallery\";\n\t\t\t\t\t\t$(selector).addClass(\"custom-ult-modal overlay-show\");\n\t\t\t\t\t\t$(selector).attr(\"data-class-id\", \"content-69e79830d5d194-47430726\");\n\t\t\t\t\t\t$(selector).attr(\"data-overlay-class\", \"overlay-doorhorizontal\");\n\t\t\t\t\t\t$(selector).attr(\"data-keypress-control\", \"keypress-control-enable\");\n\t\t\t\t\t\t$(selector).attr(\"data-overlay-control\", \"overlay-control-enable\");\n\t\t\t\t\t});\n\t\t\t\t})(jQuery);\n\t\t\t\t<\/script><\/div>\n<div class=\"ult-overlay content-69e79830d5d194-47430726 \" data-class=\"content-69e79830d5d194-47430726\" id=\"button-click-overlay\" style=\"background:rgba(51,51,51,0.8); display:none;\">\n\t<div class=\"ult_modal ult-fade ult-container\">\n\t\t<div id=\"ult-modal-wrap-2488\" class=\"ult_modal-content ult-hide\" style=\"border-style:solid;border-width:2px;border-radius:0px;border-color:#333333;\">\n\t\t\t<div class=\"ult_modal-header\" style=\"background:#000072;color:#333333;border-color:#333333;\">\n\t\t\t\t<h3  data-ultimate-target='#ult-modal-wrap-2488 .ult_modal-title'  data-responsive-json-new='{\"font-size\":\"\",\"line-height\":\"\"}'  class=\"ult_modal-title ult-responsive\">FOTOS DE LA PLANTA<\/h3>\n\t\t\t<\/div>\n\t\t\t<div  data-ultimate-target='#ult-modal-wrap-2488 .ult_modal-body'  data-responsive-json-new='{\"font-size\":\"\",\"line-height\":\"\"}'  class=\"ult_modal-body ult-responsive ult-html\" style=\"background:rgba(0,0,0,0.01);\">\n\t\t\t\n\n\t\t<style type=\"text\/css\">\n\t\t\t#gallery-1 {\n\t\t\t\tmargin: auto;\n\t\t\t}\n\t\t\t#gallery-1 .gallery-item {\n\t\t\t\tfloat: left;\n\t\t\t\tmargin-top: 10px;\n\t\t\t\ttext-align: center;\n\t\t\t\twidth: 100%;\n\t\t\t}\n\t\t\t#gallery-1 img {\n\t\t\t\tborder: 2px solid #cfcfcf;\n\t\t\t}\n\t\t\t#gallery-1 .gallery-caption {\n\t\t\t\tmargin-left: 0;\n\t\t\t}\n\t\t\t\/* see gallery_shortcode() in wp-includes\/media.php *\/\n\t\t<\/style>\n\t\t<div id='gallery-1' class='gallery galleryid-2940 gallery-columns-1 gallery-size-large'><dl class='gallery-item'>\n\t\t\t<dt class='gallery-icon landscape'>\n\t\t\t\t<img loading=\"lazy\" decoding=\"async\" width=\"1024\" height=\"512\" src=\"https:\/\/mades.es\/wp-content\/uploads\/1-1024x512.jpg\" class=\"attachment-large size-large\" alt=\"\" aria-describedby=\"gallery-1-3436\" srcset=\"https:\/\/mades.es\/wp-content\/uploads\/1-1024x512.jpg 1024w, https:\/\/mades.es\/wp-content\/uploads\/1-300x150.jpg 300w, https:\/\/mades.es\/wp-content\/uploads\/1-768x384.jpg 768w, https:\/\/mades.es\/wp-content\/uploads\/1-1536x769.jpg 1536w, https:\/\/mades.es\/wp-content\/uploads\/1-2048x1025.jpg 2048w\" sizes=\"auto, (max-width: 1024px) 100vw, 1024px\" itemprop=\"image\" \/>\n\t\t\t<\/dt>\n\t\t\t\t<dd class='wp-caption-text gallery-caption' id='gallery-1-3436'>\n\t\t\t\tMADES PLANT OVERVIEW\n\t\t\t\t<\/dd><\/dl><br style=\"clear: both\" \/><dl class='gallery-item'>\n\t\t\t<dt class='gallery-icon landscape'>\n\t\t\t\t<img loading=\"lazy\" decoding=\"async\" width=\"1024\" height=\"683\" src=\"https:\/\/mades.es\/wp-content\/uploads\/2-1024x683.jpg\" class=\"attachment-large size-large\" alt=\"\" aria-describedby=\"gallery-1-3438\" srcset=\"https:\/\/mades.es\/wp-content\/uploads\/2-1024x683.jpg 1024w, https:\/\/mades.es\/wp-content\/uploads\/2-300x200.jpg 300w, https:\/\/mades.es\/wp-content\/uploads\/2-768x512.jpg 768w, https:\/\/mades.es\/wp-content\/uploads\/2-1536x1024.jpg 1536w, https:\/\/mades.es\/wp-content\/uploads\/2-2048x1366.jpg 2048w\" sizes=\"auto, (max-width: 1024px) 100vw, 1024px\" itemprop=\"image\" \/>\n\t\t\t<\/dt>\n\t\t\t\t<dd class='wp-caption-text gallery-caption' id='gallery-1-3438'>\n\t\t\t\tSMT LINES\n\t\t\t\t<\/dd><\/dl><br style=\"clear: both\" \/><dl class='gallery-item'>\n\t\t\t<dt class='gallery-icon landscape'>\n\t\t\t\t<img loading=\"lazy\" decoding=\"async\" width=\"1024\" height=\"1024\" src=\"https:\/\/mades.es\/wp-content\/uploads\/3-1024x1024.jpg\" class=\"attachment-large size-large\" alt=\"\" aria-describedby=\"gallery-1-3440\" srcset=\"https:\/\/mades.es\/wp-content\/uploads\/3-1024x1024.jpg 1024w, https:\/\/mades.es\/wp-content\/uploads\/3-150x150.jpg 150w\" sizes=\"auto, (max-width: 1024px) 100vw, 1024px\" itemprop=\"image\" \/>\n\t\t\t<\/dt>\n\t\t\t\t<dd class='wp-caption-text gallery-caption' id='gallery-1-3440'>\n\t\t\t\tMALAGA DOWNTOWN\n\t\t\t\t<\/dd><\/dl><br style=\"clear: both\" \/><dl class='gallery-item'>\n\t\t\t<dt class='gallery-icon landscape'>\n\t\t\t\t<img loading=\"lazy\" decoding=\"async\" width=\"1024\" height=\"611\" src=\"https:\/\/mades.es\/wp-content\/uploads\/4-1024x611.jpg\" class=\"attachment-large size-large\" alt=\"\" aria-describedby=\"gallery-1-3442\" srcset=\"https:\/\/mades.es\/wp-content\/uploads\/4-1024x611.jpg 1024w, https:\/\/mades.es\/wp-content\/uploads\/4-300x179.jpg 300w, https:\/\/mades.es\/wp-content\/uploads\/4-768x458.jpg 768w, https:\/\/mades.es\/wp-content\/uploads\/4-1536x916.jpg 1536w, https:\/\/mades.es\/wp-content\/uploads\/4-2048x1222.jpg 2048w\" sizes=\"auto, (max-width: 1024px) 100vw, 1024px\" itemprop=\"image\" \/>\n\t\t\t<\/dt>\n\t\t\t\t<dd class='wp-caption-text gallery-caption' id='gallery-1-3442'>\n\t\t\t\tMADES \n\t\t\t\t<\/dd><\/dl><br style=\"clear: both\" \/><dl class='gallery-item'>\n\t\t\t<dt class='gallery-icon landscape'>\n\t\t\t\t<img loading=\"lazy\" decoding=\"async\" width=\"1024\" height=\"575\" src=\"https:\/\/mades.es\/wp-content\/uploads\/5-1024x575.jpg\" class=\"attachment-large size-large\" alt=\"\" aria-describedby=\"gallery-1-3444\" srcset=\"https:\/\/mades.es\/wp-content\/uploads\/5-1024x575.jpg 1024w, https:\/\/mades.es\/wp-content\/uploads\/5-300x168.jpg 300w, https:\/\/mades.es\/wp-content\/uploads\/5-768x431.jpg 768w, https:\/\/mades.es\/wp-content\/uploads\/5-1536x862.jpg 1536w, https:\/\/mades.es\/wp-content\/uploads\/5-2048x1150.jpg 2048w\" sizes=\"auto, (max-width: 1024px) 100vw, 1024px\" itemprop=\"image\" \/>\n\t\t\t<\/dt>\n\t\t\t\t<dd class='wp-caption-text gallery-caption' id='gallery-1-3444'>\n\t\t\t\tWAVE SOLDERING\n\t\t\t\t<\/dd><\/dl><br style=\"clear: both\" \/><dl class='gallery-item'>\n\t\t\t<dt class='gallery-icon landscape'>\n\t\t\t\t<img loading=\"lazy\" decoding=\"async\" width=\"1024\" height=\"1024\" src=\"https:\/\/mades.es\/wp-content\/uploads\/6-1-1024x1024.jpg\" class=\"attachment-large size-large\" alt=\"\" aria-describedby=\"gallery-1-3471\" srcset=\"https:\/\/mades.es\/wp-content\/uploads\/6-1-1024x1024.jpg 1024w, https:\/\/mades.es\/wp-content\/uploads\/6-1-150x150.jpg 150w\" sizes=\"auto, (max-width: 1024px) 100vw, 1024px\" itemprop=\"image\" \/>\n\t\t\t<\/dt>\n\t\t\t\t<dd class='wp-caption-text gallery-caption' id='gallery-1-3471'>\n\t\t\t\tMALAGUETA\n\t\t\t\t<\/dd><\/dl><br style=\"clear: both\" \/><dl class='gallery-item'>\n\t\t\t<dt class='gallery-icon landscape'>\n\t\t\t\t<img loading=\"lazy\" decoding=\"async\" width=\"1024\" height=\"404\" src=\"https:\/\/mades.es\/wp-content\/uploads\/7-1024x404.jpg\" class=\"attachment-large size-large\" alt=\"\" aria-describedby=\"gallery-1-3448\" srcset=\"https:\/\/mades.es\/wp-content\/uploads\/7-1024x404.jpg 1024w, https:\/\/mades.es\/wp-content\/uploads\/7-300x118.jpg 300w, https:\/\/mades.es\/wp-content\/uploads\/7-768x303.jpg 768w, https:\/\/mades.es\/wp-content\/uploads\/7-1536x605.jpg 1536w, https:\/\/mades.es\/wp-content\/uploads\/7-2048x807.jpg 2048w\" sizes=\"auto, (max-width: 1024px) 100vw, 1024px\" itemprop=\"image\" \/>\n\t\t\t<\/dt>\n\t\t\t\t<dd class='wp-caption-text gallery-caption' id='gallery-1-3448'>\n\t\t\t\tMADES 2\n\t\t\t\t<\/dd><\/dl><br style=\"clear: both\" \/><dl class='gallery-item'>\n\t\t\t<dt class='gallery-icon landscape'>\n\t\t\t\t<img loading=\"lazy\" decoding=\"async\" width=\"1024\" height=\"576\" src=\"https:\/\/mades.es\/wp-content\/uploads\/8-1-1024x576.jpg\" class=\"attachment-large size-large\" alt=\"\" aria-describedby=\"gallery-1-3473\" srcset=\"https:\/\/mades.es\/wp-content\/uploads\/8-1-1024x576.jpg 1024w, https:\/\/mades.es\/wp-content\/uploads\/8-1-300x169.jpg 300w, https:\/\/mades.es\/wp-content\/uploads\/8-1-768x432.jpg 768w, https:\/\/mades.es\/wp-content\/uploads\/8-1-1536x864.jpg 1536w, https:\/\/mades.es\/wp-content\/uploads\/8-1.jpg 1920w\" sizes=\"auto, (max-width: 1024px) 100vw, 1024px\" itemprop=\"image\" \/>\n\t\t\t<\/dt>\n\t\t\t\t<dd class='wp-caption-text gallery-caption' id='gallery-1-3473'>\n\t\t\t\tSYSTEM ASSEMBLY\n\t\t\t\t<\/dd><\/dl><br style=\"clear: both\" \/><dl class='gallery-item'>\n\t\t\t<dt class='gallery-icon landscape'>\n\t\t\t\t<img loading=\"lazy\" decoding=\"async\" width=\"1024\" height=\"1024\" src=\"https:\/\/mades.es\/wp-content\/uploads\/9-1024x1024.jpg\" class=\"attachment-large size-large\" alt=\"\" aria-describedby=\"gallery-1-3452\" srcset=\"https:\/\/mades.es\/wp-content\/uploads\/9-1024x1024.jpg 1024w, https:\/\/mades.es\/wp-content\/uploads\/9-150x150.jpg 150w\" sizes=\"auto, (max-width: 1024px) 100vw, 1024px\" itemprop=\"image\" \/>\n\t\t\t<\/dt>\n\t\t\t\t<dd class='wp-caption-text gallery-caption' id='gallery-1-3452'>\n\t\t\t\tRONDA\n\t\t\t\t<\/dd><\/dl><br style=\"clear: both\" \/>\n\t\t<\/div>\n\n\n\t\t\t<\/div>\n\t<\/div>\n\t<\/div>\n\t<div class=\"ult-overlay-close top-right\" style=\"width:80px;height:80px; \"><div class=\"ult-overlay-close-inside\">Close<\/div><\/div>\n<\/div>[\/vc_column][vc_column width=\u00bb1\/4&#8243; css=\u00bb.vc_custom_1554710866493{padding-bottom: 0px !important;}\u00bb][vc_column_text css=\u00bb.vc_custom_1663156366416{margin-bottom: 0px !important;}\u00bb]<img loading=\"lazy\" decoding=\"async\" class=\"wp-image-773 size-full alignleft\" style=\"padding-bottom: 50px; margin-top: 25px;\" src=\"https:\/\/mades.es\/wp-content\/uploads\/icono_localizacion.png\" alt=\"Spain USA Aerospace Manufacturing\" width=\"44\" height=\"44\" \/><br \/>\n<a href=\"https:\/\/goo.gl\/maps\/CohXvUHUnpv\" target=\"_blank\" rel=\"noopener noreferrer\"><strong>Avda. Juan L\u00f3pez Pe\u00f1alver, 12<br \/>\nMalaga TechPark<br \/>\n29590 M\u00e1laga (Espa\u00f1a)<\/strong><br \/>\n<\/a><\/p>\n<p><img loading=\"lazy\" decoding=\"async\" class=\"alignnone size-full wp-image-973\" src=\"https:\/\/mades.es\/wp-content\/uploads\/phone-contacto.png\" alt=\"MADES Aerospace and Defense - United States and Spain Manufacturing and Design\" width=\"44\" height=\"44\" \/><a href=\"tel:+34952249200\"><strong> +34\u00a0952 249 200<\/strong><\/a><\/p>\n<p><img loading=\"lazy\" decoding=\"async\" class=\"alignnone wp-image-775 size-full\" src=\"\/wp-content\/uploads\/linkedin.png\" alt=\"\" width=\"44\" height=\"44\" \/><strong>\u00a0<a href=\"https:\/\/www.linkedin.com\/company\/mades\" target=\"_blank\" rel=\"noopener noreferrer\">Linkedin<\/a><\/strong><\/p>\n<p><img loading=\"lazy\" decoding=\"async\" class=\"wp-image-776 size-full alignnone\" src=\"\/wp-content\/uploads\/twitter.png\" alt=\"\" width=\"44\" height=\"44\" \/><strong>\u00a0<a href=\"https:\/\/twitter.com\/MADES_Systems\" target=\"_blank\" rel=\"noopener noreferrer\">Twitter<\/a><\/strong>[\/vc_column_text][\/vc_column][\/mk_page_section][mk_page_section min_height=\u00bb0&#8243; full_width=\u00bbtrue\u00bb padding_top=\u00bb0&#8243; padding_bottom=\u00bb0&#8243; sidebar=\u00bbsidebar-1&#8243;][vc_column][vc_separator color=\u00bbcustom\u00bb border_width=\u00bb2&#8243; accent_color=\u00bb#000072&#8243; css=\u00bb.vc_custom_1552033159220{margin-top: 0px !important;margin-right: 0px !important;margin-left: 0px !important;padding-top: 0px !important;padding-right: 0px !important;padding-left: 0px !important;}\u00bb][\/vc_column][\/mk_page_section][vc_row css=\u00bb.vc_custom_1554800282103{margin-top: 0px !important;}\u00bb][vc_column][vc_tta_tabs shape=\u00bbsquare\u00bb color=\u00bbwhite\u00bb active_section=\u00bb1&#8243; no_fill_content_area=\u00bbtrue\u00bb][vc_tta_section title=\u00bbCONTACTA CON NOSOTROS\u00bb tab_id=\u00bb1554465101265-d195a201-abae\u00bb][mk_fancy_title tag_name=\u00bbh1&#8243; color=\u00bb#001d62&#8243; size=\u00bb30&#8243; font_weight=\u00bbbold\u00bb font_style=\u00bbnormal\u00bb txt_transform=\u00bbuppercase\u00bb font_family=\u00bbnone\u00bb][\/mk_fancy_title][vc_row_inner][vc_column_inner width=\u00bb1\/4&#8243;][\/vc_column_inner][vc_column_inner width=\u00bb1\/4&#8243;][vc_column_text css=\u00bb.vc_custom_1558009401553{margin-bottom: 0px !important;}\u00bb]\n<ul>\n<li>\n<h2><a title=\"\" href=\"mailto:customers@mades.es\" target=\"_blank\" rel=\"noopener noreferrer\">Clientes<\/a><\/h2>\n<\/li>\n<li>\n<h2><a title=\"\" href=\"mailto:hr@mades.es\" target=\"_blank\" rel=\"noopener noreferrer\">Empleo<\/a><\/h2>\n<\/li>\n<\/ul>\n[\/vc_column_text][\/vc_column_inner][vc_column_inner width=\u00bb1\/4&#8243;][vc_column_text css=\u00bb.vc_custom_1558009413625{margin-bottom: 0px !important;}\u00bb]\n<ul>\n<li>\n<h2><a title=\"\" href=\"mailto:info@mades.es\" target=\"_blank\" rel=\"noopener noreferrer\">Proveedores<\/a><\/h2>\n<\/li>\n<li>\n<h2><a title=\"\" href=\"mailto:communication@mades.es\" target=\"_blank\" rel=\"noopener noreferrer\">Comunicaci\u00f3n<\/a><\/h2>\n<\/li>\n<\/ul>\n[\/vc_column_text][\/vc_column_inner][vc_column_inner width=\u00bb1\/4&#8243;][\/vc_column_inner][\/vc_row_inner][\/vc_tta_section][\/vc_tta_tabs][\/vc_column][\/vc_row]\n<\/div>","protected":false},"excerpt":{"rendered":"<p>[mk_page_section vertical_align=\u00bbcenter\u00bb adaptive_height=\u00bbtrue\u00bb overflow=\u00bbtrue\u00bb max_height=\u00bb300&#8243; min_height=\u00bb300&#8243; js_vertical_centered=\u00bbtrue\u00bb padding_top=\u00bb0&#8243; padding_bottom=\u00bb0&#8243; sidebar=\u00bbsidebar-1&#8243;][vc_column width=\u00bb3\/4&#8243; css=\u00bb.vc_custom_1554800293540{margin-bottom: 0px !important;}\u00bb][vc_row_inner css=\u00bb.vc_custom_1554711114991{padding-top: 30px !important;padding-bottom: 0px !important;}\u00bb][vc_column_inner width=\u00bb1\/3&#8243;][\/vc_column_inner][vc_column_inner width=\u00bb1\/3&#8243;][\/vc_column_inner][vc_column_inner width=\u00bb1\/3&#8243;][\/vc_column_inner][\/vc_row_inner][\/vc_column][vc_column width=\u00bb1\/4&#8243; css=\u00bb.vc_custom_1554710866493{padding-bottom: 0px !important;}\u00bb][vc_column_text css=\u00bb.vc_custom_1663156366416{margin-bottom: 0px !important;}\u00bb] Avda. Juan L\u00f3pez Pe\u00f1alver, 12 Malaga TechPark 29590 M\u00e1laga (Espa\u00f1a) +34\u00a0952 249 200 \u00a0Linkedin \u00a0Twitter[\/vc_column_text][\/vc_column][\/mk_page_section][mk_page_section min_height=\u00bb0&#8243; full_width=\u00bbtrue\u00bb padding_top=\u00bb0&#8243; padding_bottom=\u00bb0&#8243; sidebar=\u00bbsidebar-1&#8243;][vc_column][vc_separator color=\u00bbcustom\u00bb border_width=\u00bb2&#8243; accent_color=\u00bb#000072&#8243; css=\u00bb.vc_custom_1552033159220{margin-top: 0px !important;margin-right: [&hellip;]<\/p>\n","protected":false},"author":13,"featured_media":0,"parent":0,"menu_order":0,"comment_status":"closed","ping_status":"closed","template":"","meta":{"rs_blank_template":"","rs_page_bg_color":"","slide_template_v7":"","footnotes":""},"class_list":["post-2940","page","type-page","status-publish","hentry"],"aioseo_notices":[],"_links":{"self":[{"href":"https:\/\/mades.es\/es\/wp-json\/wp\/v2\/pages\/2940","targetHints":{"allow":["GET"]}}],"collection":[{"href":"https:\/\/mades.es\/es\/wp-json\/wp\/v2\/pages"}],"about":[{"href":"https:\/\/mades.es\/es\/wp-json\/wp\/v2\/types\/page"}],"author":[{"embeddable":true,"href":"https:\/\/mades.es\/es\/wp-json\/wp\/v2\/users\/13"}],"replies":[{"embeddable":true,"href":"https:\/\/mades.es\/es\/wp-json\/wp\/v2\/comments?post=2940"}],"version-history":[{"count":2,"href":"https:\/\/mades.es\/es\/wp-json\/wp\/v2\/pages\/2940\/revisions"}],"predecessor-version":[{"id":5156,"href":"https:\/\/mades.es\/es\/wp-json\/wp\/v2\/pages\/2940\/revisions\/5156"}],"wp:attachment":[{"href":"https:\/\/mades.es\/es\/wp-json\/wp\/v2\/media?parent=2940"}],"curies":[{"name":"wp","href":"https:\/\/api.w.org\/{rel}","templated":true}]}}