{"id":2887,"date":"2019-04-22T12:24:08","date_gmt":"2019-04-22T10:24:08","guid":{"rendered":"https:\/\/mades.es\/?page_id=2887"},"modified":"2025-11-19T10:16:52","modified_gmt":"2025-11-19T09:16:52","slug":"mercados","status":"publish","type":"page","link":"https:\/\/mades.es\/es\/mercados\/","title":{"rendered":"MERCADOS"},"content":{"rendered":"<div class=\"wpb-content-wrapper\">[vc_row][vc_column width=\u00bb1\/3&#8243;]<div tabindex=\"0\" class=\"ult-new-ib ult-ib-effect-style13  ult-ib-resp  \" data-min-width=\"768\" data-max-width=\"900\" style=\"background:#b9cedd;\" data-opacity=\"1\" data-hover-opacity=\"0.4\" ><img decoding=\"async\" class=\"ult-new-ib-img\" style=\"opacity:1;\" alt=\"null\" src=\"https:\/\/mades.es\/wp-content\/uploads\/menu-defense.jpg\"   \/><div id=\"interactive-banner-wrap-5071\" class=\"ult-new-ib-desc\" style=\"\"><h2 class=\"ult-new-ib-title ult-responsive\"  data-ultimate-target='#interactive-banner-wrap-5071 .ult-new-ib-title'  data-responsive-json-new='{\"font-size\":\"desktop:32px;\",\"line-height\":\"\"}'  style=\"font-family:&#039;Oswald&#039;;font-weight:700;color:#ffffff;\">DEFENSA<\/h2><\/div><a class=\"ult-new-ib-link\" href=\"#defensa\"  ><\/a><\/div>[\/vc_column][vc_column width=\u00bb1\/3&#8243;]<div tabindex=\"0\" class=\"ult-new-ib ult-ib-effect-style13  ult-ib-resp  \" data-min-width=\"768\" data-max-width=\"900\" style=\"background:#b9cedd;\" data-opacity=\"1\" data-hover-opacity=\"0.4\" ><img decoding=\"async\" class=\"ult-new-ib-img\" style=\"opacity:1;\" alt=\"null\" src=\"https:\/\/mades.es\/wp-content\/uploads\/menu-aerospace.jpg\"   \/><div id=\"interactive-banner-wrap-7638\" class=\"ult-new-ib-desc\" style=\"\"><h2 class=\"ult-new-ib-title ult-responsive\"  data-ultimate-target='#interactive-banner-wrap-7638 .ult-new-ib-title'  data-responsive-json-new='{\"font-size\":\"desktop:32px;\",\"line-height\":\"\"}'  style=\"font-family:&#039;Oswald&#039;;font-weight:700;color:#ffffff;\">AEROESPACIAL<\/h2><\/div><a class=\"ult-new-ib-link\" href=\"#aeroespacial\"  ><\/a><\/div>[\/vc_column][vc_column width=\u00bb1\/3&#8243;]<div tabindex=\"0\" class=\"ult-new-ib ult-ib-effect-style13  ult-ib-resp  \" data-min-width=\"768\" data-max-width=\"900\" style=\"background:#b9cedd;\" data-opacity=\"1\" data-hover-opacity=\"0.4\" ><img decoding=\"async\" class=\"ult-new-ib-img\" style=\"opacity:1;\" alt=\"null\" src=\"https:\/\/mades.es\/wp-content\/uploads\/menu-new-space.jpg\"   \/><div id=\"interactive-banner-wrap-2776\" class=\"ult-new-ib-desc\" style=\"\"><h2 class=\"ult-new-ib-title ult-responsive\"  data-ultimate-target='#interactive-banner-wrap-2776 .ult-new-ib-title'  data-responsive-json-new='{\"font-size\":\"desktop:32px;\",\"line-height\":\"\"}'  style=\"font-family:&#039;Oswald&#039;;font-weight:700;color:#ffffff;\">NUEVO ESPACIO<\/h2><\/div><a class=\"ult-new-ib-link\" href=\"#nuevo-espacio\"  ><\/a><\/div>[\/vc_column][\/vc_row][vc_row][vc_column width=\u00bb1\/3&#8243;]<div tabindex=\"0\" class=\"ult-new-ib ult-ib-effect-style13  ult-ib-resp  \" data-min-width=\"768\" data-max-width=\"900\" style=\"background:#b9cedd;\" data-opacity=\"1\" data-hover-opacity=\"0.4\" ><img decoding=\"async\" class=\"ult-new-ib-img\" style=\"opacity:1;\" alt=\"null\" src=\"https:\/\/mades.es\/wp-content\/uploads\/menu-industrial.jpg\"   \/><div id=\"interactive-banner-wrap-7607\" class=\"ult-new-ib-desc\" style=\"\"><h2 class=\"ult-new-ib-title ult-responsive\"  data-ultimate-target='#interactive-banner-wrap-7607 .ult-new-ib-title'  data-responsive-json-new='{\"font-size\":\"desktop:32px;\",\"line-height\":\"\"}'  style=\"font-family:&#039;Oswald&#039;;font-weight:700;color:#ffffff;\">INDUSTRIAL<\/h2><\/div><a class=\"ult-new-ib-link\" href=\"#industrial\"  ><\/a><\/div>[\/vc_column][vc_column width=\u00bb1\/3&#8243;]<div tabindex=\"0\" class=\"ult-new-ib ult-ib-effect-style13  ult-ib-resp  \" data-min-width=\"768\" data-max-width=\"900\" style=\"background:#b9cedd;\" data-opacity=\"1\" data-hover-opacity=\"0.4\" ><img decoding=\"async\" class=\"ult-new-ib-img\" style=\"opacity:1;\" alt=\"null\" src=\"https:\/\/mades.es\/wp-content\/uploads\/menu-automotive.jpg\"   \/><div id=\"interactive-banner-wrap-8055\" class=\"ult-new-ib-desc\" style=\"\"><h2 class=\"ult-new-ib-title ult-responsive\"  data-ultimate-target='#interactive-banner-wrap-8055 .ult-new-ib-title'  data-responsive-json-new='{\"font-size\":\"desktop:32px;\",\"line-height\":\"\"}'  style=\"font-family:&#039;Oswald&#039;;font-weight:700;color:#ffffff;\">AUTOMOCI\u00d3N<\/h2><\/div><a class=\"ult-new-ib-link\" href=\"#automocion\"  ><\/a><\/div>[\/vc_column][vc_column width=\u00bb1\/3&#8243;]<div tabindex=\"0\" class=\"ult-new-ib ult-ib-effect-style13  ult-ib-resp  \" data-min-width=\"768\" data-max-width=\"900\" style=\"background:#b9cedd;\" data-opacity=\"1\" data-hover-opacity=\"0.4\" ><img decoding=\"async\" class=\"ult-new-ib-img\" style=\"opacity:1;\" alt=\"null\" src=\"https:\/\/mades.es\/wp-content\/uploads\/menu-medical.jpg\"   \/><div id=\"interactive-banner-wrap-8414\" class=\"ult-new-ib-desc\" style=\"\"><h2 class=\"ult-new-ib-title ult-responsive\"  data-ultimate-target='#interactive-banner-wrap-8414 .ult-new-ib-title'  data-responsive-json-new='{\"font-size\":\"desktop:32px;\",\"line-height\":\"\"}'  style=\"font-family:&#039;Oswald&#039;;font-weight:700;color:#ffffff;\">M\u00c9DICO<\/h2><\/div><a class=\"ult-new-ib-link\" href=\"#medico\"  ><\/a><\/div>[\/vc_column][\/vc_row][mk_page_section vertical_align=\u00bbcenter\u00bb bg_position=\u00bbcenter center\u00bb bg_repeat=\u00bbno-repeat\u00bb bg_stretch=\u00bbtrue\u00bb full_width=\u00bbtrue\u00bb section_id=\u00bbdefensa\u00bb sidebar=\u00bbsidebar-1&#8243;][vc_column width=\u00bb1\/3&#8243;][\/vc_column][vc_column width=\u00bb1\/3&#8243;][mk_button dimension=\u00bbflat\u00bb size=\u00bbmedium\u00bb url=\u00bbhttps:\/\/mades.es\/?wpdmdl=5144&#8243; target=\u00bb_blank\u00bb align=\u00bbcenter\u00bb fullwidth=\u00bbtrue\u00bb margin_right=\u00bb0&#8243; el_class=\u00bbboton-descargas\u00bb bg_color=\u00bb#9bb9ce\u00bb btn_hover_bg=\u00bbrgba(155,185,206,0.9)\u00bb]DESCARGAR BROCHURE [.PDF 3,8MB][\/mk_button][\/vc_column][vc_column width=\u00bb1\/3&#8243;][\/vc_column][\/mk_page_section][mk_page_section vertical_align=\u00bbcenter\u00bb bg_position=\u00bbcenter center\u00bb bg_repeat=\u00bbno-repeat\u00bb bg_stretch=\u00bbtrue\u00bb full_width=\u00bbtrue\u00bb section_id=\u00bbdefensa\u00bb sidebar=\u00bbsidebar-1&#8243;][vc_column][mk_slideshow_box images=\u00bb3368,3358,3360&#8243; bg_repeat=\u00bbno-repeat\u00bb overlay=\u00bbrgba(128,17,39,0.7)\u00bb section_height=\u00bb300&#8243; padding_top=\u00bb0&#8243; padding_bottom=\u00bb0&#8243;][vc_column_text align=\u00bbcenter\u00bb css=\u00bb.vc_custom_1555928837148{margin-bottom: 0px !important;}\u00bb]\n<h1><span style=\"color: #ffffff;\">Defensa<\/span><\/h1>\n[\/vc_column_text][\/mk_slideshow_box][\/vc_column][\/mk_page_section][mk_page_section][vc_column][vc_row_inner][vc_column_inner width=\u00bb1\/2&#8243;][vc_column_text css=\u00bb.vc_custom_1555930136335{margin-bottom: 0px !important;}\u00bb]MADES es un l\u00edder s\u00f3lido en alta tecnolog\u00eda con una gama completa de sistemas electr\u00f3nicos de precisi\u00f3n y de calidad probada sobre el terreno, tanto para fines militares y como de seguridad. Nuestro experimentado equipo de comercio internacional est\u00e1 perfectamente familiarizado con los controles y la normativa relativa a las exportaciones internacionales, incluido el Reglamento ITAR (reglamento estadounidense sobre el tr\u00e1fico internacional de armas) y el Reglamento EAR (reglamento estadounidense relativo a la administraci\u00f3n de exportaciones).<\/p>\n<p><strong>MADES suministra sistemas complejos que incluyen<\/strong> vigilancia, telemetr\u00eda, radar, radiofrecuencia, electr\u00f3nica de potencia, electro-\u00f3ptica, identificaci\u00f3n de objetivos\u2026[\/vc_column_text][\/vc_column_inner][vc_column_inner width=\u00bb1\/2&#8243;][vc_column_text css=\u00bb.vc_custom_1555930148464{margin-bottom: 0px !important;}\u00bb]<strong>Principales contratistas de defensa en Am\u00e9rica del Norte y en Europa<\/strong> conf\u00edan en los sistemas y subsistemas fabricados por MADES. Esta confianza est\u00e1 basada en nuestra experiencia y entendimiento \u00fanicos de los sistemas electr\u00f3nicos avanzados para resolver los retos de sus clientes.<\/p>\n<p>Destacan participaciones en los programas para Airbus A400M, Eurofighter EF-2000, helic\u00f3ptero Tigre, veh\u00edculos blindados, sistemas de comunicaci\u00f3n naval y misiles tanto europeos como norteamericanos.[\/vc_column_text][\/vc_column_inner][\/vc_row_inner][\/vc_column][\/mk_page_section][mk_page_section][vc_column][vc_row_inner css=\u00bb.vc_custom_1554391126825{padding-top: 50px !important;}\u00bb][vc_column_inner width=\u00bb1\/2&#8243;][mk_image src=\u00bbhttps:\/\/mades.es\/wp-content\/uploads\/defensa-1.jpg\u00bb image_size=\u00bbfull\u00bb][\/vc_column_inner][vc_column_inner width=\u00bb1\/2&#8243;][mk_image src=\u00bbhttps:\/\/mades.es\/wp-content\/uploads\/defensa-2.jpg\u00bb image_size=\u00bbfull\u00bb][\/vc_column_inner][\/vc_row_inner][vc_column_text css=\u00bb.vc_custom_1558437260453{margin-bottom: 0px !important;}\u00bb]<em>*Prototipos usados como ejemplos.<\/em>[\/vc_column_text][\/vc_column][\/mk_page_section][mk_page_section vertical_align=\u00bbcenter\u00bb bg_position=\u00bbcenter center\u00bb bg_repeat=\u00bbno-repeat\u00bb bg_stretch=\u00bbtrue\u00bb full_width=\u00bbtrue\u00bb section_id=\u00bbaeroespacial\u00bb sidebar=\u00bbsidebar-1&#8243;][vc_column][mk_slideshow_box images=\u00bb3352,3348,3350&#8243; bg_repeat=\u00bbno-repeat\u00bb overlay=\u00bbrgba(128,17,39,0.7)\u00bb section_height=\u00bb300&#8243; padding_top=\u00bb0&#8243; padding_bottom=\u00bb0&#8243;][vc_column_text align=\u00bbcenter\u00bb css=\u00bb.vc_custom_1555928863963{margin-bottom: 0px !important;}\u00bb]\n<h1><span style=\"color: #ffffff;\">Aeroespacial<\/span><\/h1>\n[\/vc_column_text][\/mk_slideshow_box][\/vc_column][\/mk_page_section][mk_page_section][vc_column][vc_row_inner][vc_column_inner width=\u00bb1\/2&#8243;][vc_column_text css=\u00bb.vc_custom_1555930181529{margin-bottom: 0px !important;}\u00bb]<strong>MADES est\u00e1 altamente especializada en la fabricaci\u00f3n de sistemas electr\u00f3nicos embarcados que cumplen los requisitos y las certificaciones m\u00e1s exigentes<\/strong>. Contamos con m\u00e1s de 20 a\u00f1os de experiencia en la utilizaci\u00f3n de Lean Manufacturing, aplicando procesos de mejora continua y cumpliendo el riguroso programa de calidad Six Sigma. MADES cuenta asimismo con las certificaciones EN 9100, NATO PECAL\/ AQAP 2110 y la acreditaci\u00f3n Nadcap 7120 Electronics.[\/vc_column_text][\/vc_column_inner][vc_column_inner width=\u00bb1\/2&#8243;][vc_column_text css=\u00bb.vc_custom_1555930200681{margin-bottom: 0px !important;}\u00bb]Los est\u00e1ndares de primer nivel de MADES <strong>le permiten participar en importantes programas internacionales, ofreciendo una fiabilidad sin igual e indicadores de entrega a tiempo por encima de los habituales del sector<\/strong>. Los clientes saben que sus programas se gestionan r\u00e1pidamente y cumpliendo los requisitos m\u00e1s elevados de calidad y el compromiso con la satisfacci\u00f3n del cliente.<\/p>\n<p>Aplicaciones t\u00edpicas en las que MADES sirve con \u00e9xito a sus clientes son sistemas de actuaci\u00f3n, comunicaciones, electr\u00f3nica de control, sensores, sistemas de misi\u00f3n\u2026[\/vc_column_text][\/vc_column_inner][\/vc_row_inner][\/vc_column][\/mk_page_section][mk_page_section][vc_column][vc_row_inner css=\u00bb.vc_custom_1554391126825{padding-top: 50px !important;}\u00bb][vc_column_inner width=\u00bb1\/2&#8243;][mk_image src=\u00bbhttps:\/\/mades.es\/wp-content\/uploads\/aeroespacio1.jpg\u00bb image_size=\u00bbfull\u00bb][\/vc_column_inner][vc_column_inner width=\u00bb1\/2&#8243;][mk_image src=\u00bbhttps:\/\/mades.es\/wp-content\/uploads\/aeroespacio2.jpg\u00bb image_size=\u00bbfull\u00bb][\/vc_column_inner][\/vc_row_inner][vc_column_text css=\u00bb.vc_custom_1558437242747{margin-bottom: 0px !important;}\u00bb]<em>*<i>Prototipos usados como ejemplos.<\/i>.<\/em>[\/vc_column_text][\/vc_column][\/mk_page_section][mk_page_section vertical_align=\u00bbcenter\u00bb bg_position=\u00bbcenter center\u00bb bg_repeat=\u00bbno-repeat\u00bb bg_stretch=\u00bbtrue\u00bb full_width=\u00bbtrue\u00bb section_id=\u00bbnuevo-espacio\u00bb sidebar=\u00bbsidebar-1&#8243;][vc_column][mk_slideshow_box images=\u00bb2936&#8243; bg_repeat=\u00bbno-repeat\u00bb overlay=\u00bbrgba(128,17,39,0.7)\u00bb section_height=\u00bb300&#8243; padding_top=\u00bb0&#8243; padding_bottom=\u00bb0&#8243;][vc_column_text align=\u00bbcenter\u00bb css=\u00bb.vc_custom_1555930219409{margin-bottom: 0px !important;}\u00bb]\n<h1><span style=\"color: #ffffff;\">Nuevo Espacio<\/span><\/h1>\n[\/vc_column_text][\/mk_slideshow_box][\/vc_column][\/mk_page_section][mk_page_section][vc_column][vc_row_inner][vc_column_inner width=\u00bb1\/2&#8243;][vc_column_text css=\u00bb.vc_custom_1558434449947{margin-bottom: 0px !important;}\u00bb]<span lang=\"ES\">MADES est<\/span><span lang=\"ES\">\u00e1<\/span><span lang=\"ES\"> presente en el sector de <strong>Nuevo Espacio desde 2016, cuando se confirm\u00f3 su<\/strong><\/span><strong><span lang=\"ES\"> evoluci<\/span><span lang=\"ES\">\u00f3<\/span><span lang=\"ES\">n natural a los mercados de defesa y aeroespacio.<\/span><\/strong><\/p>\n<p><span lang=\"ES\">MADES fabrica microsat<\/span><span lang=\"ES\">\u00e9<\/span><span lang=\"ES\">lites con una masa que oscila entre los 35 y 40 kg.<\/span><\/p>\n<p><span lang=\"ES\">Las aplicaciones t<\/span><span lang=\"ES\">\u00ed<\/span><span lang=\"ES\">picas en las cuales MADES <strong>sirve a sus clientes son sistemas de activaci<\/strong><\/span><strong><span lang=\"ES\">\u00f3<\/span><span lang=\"ES\">n, comunicaciones, electr<\/span><span lang=\"ES\">\u00f3<\/span><span lang=\"ES\">nica de control, y otros m<\/span><span lang=\"ES\">\u00f3<\/span><span lang=\"ES\">dulos espaciales.<\/span><\/strong><\/p>\n<p><span lang=\"ES\">\u00a0<\/span>[\/vc_column_text][\/vc_column_inner][vc_column_inner width=\u00bb1\/2&#8243;][vc_column_text css=\u00bb.vc_custom_1558434478929{margin-bottom: 0px !important;}\u00bb]<span lang=\"ES\">Nuestros colaboradores constatan como sus programas son gestionados con agilidad y\u00a0 compromiso con los m<\/span><span lang=\"ES\">\u00e1<\/span><span lang=\"ES\">s altos est<\/span><span lang=\"ES\">\u00e1<\/span><span lang=\"ES\">ndares de calidad y satisfacci<\/span><span lang=\"ES\">\u00f3<\/span><span lang=\"ES\">n de clientes.<\/span><\/p>\n<p><strong><span lang=\"ES\">Sistemas embarcados:<\/span><\/strong><\/p>\n<ul>\n<li>OBC (On-Board Computers)<\/li>\n<li>Payload<\/li>\n<li>Communications<\/li>\n<li>Power Distribution Modules (PDM)<\/li>\n<li>Power Control Modules (PCM)<\/li>\n<\/ul>\n[\/vc_column_text][\/vc_column_inner][\/vc_row_inner][\/vc_column][\/mk_page_section][mk_page_section][vc_column][vc_row_inner css=\u00bb.vc_custom_1554391126825{padding-top: 50px !important;}\u00bb][vc_column_inner][mk_image src=\u00bbhttps:\/\/mades.es\/wp-content\/uploads\/nuevo-espacio.jpg\u00bb image_size=\u00bbfull\u00bb align=\u00bbcenter\u00bb][\/vc_column_inner][\/vc_row_inner][\/vc_column][\/mk_page_section][mk_page_section vertical_align=\u00bbcenter\u00bb bg_position=\u00bbcenter center\u00bb bg_repeat=\u00bbno-repeat\u00bb bg_stretch=\u00bbtrue\u00bb full_width=\u00bbtrue\u00bb section_id=\u00bbindustrial\u00bb sidebar=\u00bbsidebar-1&#8243;][vc_column][mk_slideshow_box images=\u00bb3366,3364,3362&#8243; bg_repeat=\u00bbno-repeat\u00bb overlay=\u00bbrgba(211,204,189,0.79)\u00bb section_height=\u00bb300&#8243; padding_top=\u00bb0&#8243; padding_bottom=\u00bb0&#8243;][vc_column_text align=\u00bbcenter\u00bb css=\u00bb.vc_custom_1554395428171{margin-bottom: 0px !important;}\u00bb]\n<h1><span style=\"color: #ffffff;\">Industrial<\/span><\/h1>\n[\/vc_column_text][\/mk_slideshow_box][\/vc_column][\/mk_page_section][mk_page_section][vc_column][vc_row_inner][vc_column_inner width=\u00bb1\/2&#8243;][vc_column_text css=\u00bb.vc_custom_1555930465046{margin-bottom: 0px !important;}\u00bb]En todos los equipos que fabrica MADES, nuestro cliente necesita conjugar una alta competitividad, con tecnolog\u00eda avanzada en productos que no pueden fallar.<\/p>\n<p>Esta fiabilidad est\u00e1 avalada, entre otros conceptos, por nuestras m\u00e9tricas de entregas a tiempo e \u00edndices de rechazo de procesos productivos cuyos registros est\u00e1n muy por encima del est\u00e1ndar de la industria. El equipo de MADES est\u00e1 comprometido con la Excelencia Operacional y con mantener sus est\u00e1ndares de calidad y de servicio al m\u00e1ximo nivel.[\/vc_column_text][\/vc_column_inner][vc_column_inner width=\u00bb1\/2&#8243;][vc_column_text css=\u00bb.vc_custom_1555930472159{margin-bottom: 0px !important;}\u00bb]La apuesta por la mejora continua de procesos se pone de manifiesto al disponer del 100% de la plantilla formada en herramientas y t\u00e9cnicas Seis Sigma. La mayor parte de ellos est\u00e1n certificados como \u201cGreen Belts\u201d a los que debemos sumarle el soporte que ofrecen compa\u00f1eros titulados como \u201cBlack Belts\u201d.[\/vc_column_text][\/vc_column_inner][\/vc_row_inner][\/vc_column][\/mk_page_section][mk_page_section][vc_column][vc_row_inner css=\u00bb.vc_custom_1554391126825{padding-top: 50px !important;}\u00bb][vc_column_inner width=\u00bb1\/2&#8243;][mk_image src=\u00bbhttps:\/\/mades.es\/wp-content\/uploads\/industrial-1-1.jpg\u00bb image_size=\u00bbfull\u00bb][\/vc_column_inner][vc_column_inner width=\u00bb1\/2&#8243;][mk_image src=\u00bbhttps:\/\/mades.es\/wp-content\/uploads\/industrial2.jpg\u00bb image_size=\u00bbfull\u00bb][\/vc_column_inner][\/vc_row_inner][vc_column_text css=\u00bb.vc_custom_1558437217836{margin-bottom: 0px !important;}\u00bb]<em>*Prototipos usados como ejemplos.<\/em>[\/vc_column_text][\/vc_column][\/mk_page_section][mk_page_section vertical_align=\u00bbcenter\u00bb bg_position=\u00bbcenter center\u00bb bg_repeat=\u00bbno-repeat\u00bb bg_stretch=\u00bbtrue\u00bb full_width=\u00bbtrue\u00bb section_id=\u00bbautomocion\u00bb sidebar=\u00bbsidebar-1&#8243;][vc_column][mk_slideshow_box images=\u00bb3354,3356&#8243; bg_repeat=\u00bbno-repeat\u00bb overlay=\u00bbrgba(211,204,189,0.79)\u00bb section_height=\u00bb300&#8243; padding_top=\u00bb0&#8243; padding_bottom=\u00bb0&#8243;][vc_column_text align=\u00bbcenter\u00bb css=\u00bb.vc_custom_1555928960123{margin-bottom: 0px !important;}\u00bb]\n<h1><span style=\"color: #ffffff;\">Automoci\u00f3n<\/span><\/h1>\n[\/vc_column_text][\/mk_slideshow_box][\/vc_column][\/mk_page_section][mk_page_section][vc_column][vc_row_inner][vc_column_inner width=\u00bb1\/2&#8243;][vc_column_text css=\u00bb.vc_custom_1763543139086{margin-bottom: 0px !important;}\u00bb]Durante a\u00f1os, MADES desarroll\u00f3 una s\u00f3lida trayectoria como proveedor de <strong>servicios de fabricaci\u00f3n electr\u00f3nica (EMS)<\/strong> para fabricantes de veh\u00edculos y proveedores <strong>Tier 1 y Tier 2<\/strong> del sector de automoci\u00f3n. Nuestra actividad se centr\u00f3 en la fabricaci\u00f3n e integraci\u00f3n de m\u00f3dulos electr\u00f3nicos destinados a sistemas de seguridad activa y pasiva, as\u00ed como a otras funciones cr\u00edticas del veh\u00edculo.<\/p>\n<p>Los productos de automoci\u00f3n fabricados por MADES eran <strong>elementos cr\u00edticos para la seguridad de los pasajeros<\/strong>, lo que exig\u00eda niveles de calidad, trazabilidad y excelencia operacional excepcionales. En ese periodo, la compa\u00f1\u00eda cont\u00f3 con la certificaci\u00f3n IATF 16949 y aplic\u00f3 de forma sistem\u00e1tica metodolog\u00edas LEAN y Seis Sigma sobre procesos altamente controlados, sustentados en una fuerte cultura de mejora continua.[\/vc_column_text][\/vc_column_inner][vc_column_inner width=\u00bb1\/2&#8243;][vc_column_text css=\u00bb.vc_custom_1763543148452{margin-bottom: 0px !important;}\u00bb]Aunque actualmente <strong>MADES ya no opera en el sector de automoci\u00f3n<\/strong>, la experiencia acumulada y el rigor alcanzado en este mercado han sido la base para <strong>pivotar hacia sectores como aeroespacial y defensa<\/strong>, donde los requisitos de fiabilidad, seguridad y cumplimiento normativo se sit\u00faan entre los m\u00e1s exigentes. Este legado nos permite hoy aportar soluciones de fabricaci\u00f3n para sistemas electr\u00f3nicos complejos con los <strong>m\u00e1s altos est\u00e1ndares de calidad y robustez<\/strong>.[\/vc_column_text][\/vc_column_inner][\/vc_row_inner][\/vc_column][\/mk_page_section][mk_page_section][vc_column][vc_row_inner css=\u00bb.vc_custom_1554391126825{padding-top: 50px !important;}\u00bb][vc_column_inner width=\u00bb1\/2&#8243;][mk_image src=\u00bbhttps:\/\/mades.es\/wp-content\/uploads\/camion-automocion.jpg\u00bb image_size=\u00bbfull\u00bb align=\u00bbcenter\u00bb][\/vc_column_inner][vc_column_inner width=\u00bb1\/2&#8243;][mk_image src=\u00bbhttps:\/\/mades.es\/wp-content\/uploads\/automocin.jpg\u00bb image_size=\u00bbfull\u00bb align=\u00bbcenter\u00bb][\/vc_column_inner][\/vc_row_inner][\/vc_column][\/mk_page_section][mk_page_section vertical_align=\u00bbcenter\u00bb bg_position=\u00bbcenter center\u00bb bg_repeat=\u00bbno-repeat\u00bb bg_stretch=\u00bbtrue\u00bb full_width=\u00bbtrue\u00bb section_id=\u00bbmedico\u00bb sidebar=\u00bbsidebar-1&#8243;][vc_column][mk_slideshow_box images=\u00bb3374,3372,3370&#8243; bg_repeat=\u00bbno-repeat\u00bb overlay=\u00bbrgba(211,204,189,0.79)\u00bb section_height=\u00bb300&#8243; padding_top=\u00bb0&#8243; padding_bottom=\u00bb0&#8243;][vc_column_text align=\u00bbcenter\u00bb css=\u00bb.vc_custom_1555928988963{margin-bottom: 0px !important;}\u00bb]\n<h1><span style=\"color: #ffffff;\">M\u00e9dico<\/span><\/h1>\n[\/vc_column_text][\/mk_slideshow_box][\/vc_column][\/mk_page_section][mk_page_section][vc_column][vc_row_inner][vc_column_inner width=\u00bb1\/2&#8243;][vc_column_text css=\u00bb.vc_custom_1763543794994{margin-bottom: 0px !important;}\u00bb]Durante a\u00f1os, MADES desarroll\u00f3 una amplia experiencia como proveedor de <strong>servicios de fabricaci\u00f3n electr\u00f3nica (EMS)<\/strong> para fabricantes de equipos m\u00e9dicos. Nuestra actividad se centr\u00f3 en la fabricaci\u00f3n e integraci\u00f3n de sistemas electr\u00f3nicos destinados a dispositivos de diagn\u00f3stico, monitorizaci\u00f3n y tratamiento, utilizados en entornos cl\u00ednicos altamente exigentes.<\/p>\n<p>Los productos m\u00e9dicos fabricados por MADES eran <strong>elementos clave para los pacientes<\/strong>, participantes directos en la mejora de su salud y calidad de vida. Esta responsabilidad exig\u00eda niveles extraordinarios de calidad, trazabilidad y excelencia operacional. Durante ese periodo, la compa\u00f1\u00eda <strong>cont\u00f3 con la certificaci\u00f3n ISO 13485<\/strong> y oper\u00f3 bajo estrictos procedimientos y controles alineados con los requisitos regulatorios m\u00e1s exigentes.[\/vc_column_text][\/vc_column_inner][vc_column_inner width=\u00bb1\/2&#8243;][vc_column_text css=\u00bb.vc_custom_1763543806048{margin-bottom: 0px !important;}\u00bb]Aunque <strong>MADES ya no opera en el sector m\u00e9dico<\/strong>, la experiencia acumulada y el rigor alcanzado en este mercado han sido fundamentales para <strong>pivotar hacia sectores como aeroespacial y defensa<\/strong>, donde los requisitos de fiabilidad, seguridad y cumplimiento normativo son igualmente o incluso m\u00e1s estrictos. Este legado nos permite hoy abordar la fabricaci\u00f3n de sistemas electr\u00f3nicos complejos con los <strong>m\u00e1s altos est\u00e1ndares de calidad, robustez y disciplina operacional<\/strong>.[\/vc_column_text][\/vc_column_inner][\/vc_row_inner][\/vc_column][\/mk_page_section][mk_page_section][vc_column][vc_row_inner css=\u00bb.vc_custom_1554391126825{padding-top: 50px !important;}\u00bb][vc_column_inner][mk_image src=\u00bbhttps:\/\/mades.es\/wp-content\/uploads\/medico.jpg\u00bb image_size=\u00bbfull\u00bb align=\u00bbcenter\u00bb][\/vc_column_inner][\/vc_row_inner][\/vc_column][\/mk_page_section]\n<\/div>","protected":false},"excerpt":{"rendered":"<p>[vc_row][vc_column width=\u00bb1\/3&#8243;][\/vc_column][vc_column width=\u00bb1\/3&#8243;][\/vc_column][vc_column width=\u00bb1\/3&#8243;][\/vc_column][\/vc_row][vc_row][vc_column width=\u00bb1\/3&#8243;][\/vc_column][vc_column width=\u00bb1\/3&#8243;][\/vc_column][vc_column width=\u00bb1\/3&#8243;][\/vc_column][\/vc_row][mk_page_section vertical_align=\u00bbcenter\u00bb bg_position=\u00bbcenter center\u00bb bg_repeat=\u00bbno-repeat\u00bb bg_stretch=\u00bbtrue\u00bb full_width=\u00bbtrue\u00bb section_id=\u00bbdefensa\u00bb sidebar=\u00bbsidebar-1&#8243;][vc_column width=\u00bb1\/3&#8243;][\/vc_column][vc_column width=\u00bb1\/3&#8243;][mk_button dimension=\u00bbflat\u00bb size=\u00bbmedium\u00bb url=\u00bbhttps:\/\/mades.es\/?wpdmdl=5144&#8243; target=\u00bb_blank\u00bb align=\u00bbcenter\u00bb fullwidth=\u00bbtrue\u00bb margin_right=\u00bb0&#8243; el_class=\u00bbboton-descargas\u00bb bg_color=\u00bb#9bb9ce\u00bb btn_hover_bg=\u00bbrgba(155,185,206,0.9)\u00bb]DESCARGAR BROCHURE [.PDF 3,8MB][\/mk_button][\/vc_column][vc_column width=\u00bb1\/3&#8243;][\/vc_column][\/mk_page_section][mk_page_section vertical_align=\u00bbcenter\u00bb bg_position=\u00bbcenter center\u00bb bg_repeat=\u00bbno-repeat\u00bb bg_stretch=\u00bbtrue\u00bb full_width=\u00bbtrue\u00bb section_id=\u00bbdefensa\u00bb sidebar=\u00bbsidebar-1&#8243;][vc_column][mk_slideshow_box images=\u00bb3368,3358,3360&#8243; bg_repeat=\u00bbno-repeat\u00bb overlay=\u00bbrgba(128,17,39,0.7)\u00bb section_height=\u00bb300&#8243; padding_top=\u00bb0&#8243; padding_bottom=\u00bb0&#8243;][vc_column_text align=\u00bbcenter\u00bb css=\u00bb.vc_custom_1555928837148{margin-bottom: 0px !important;}\u00bb] Defensa [\/vc_column_text][\/mk_slideshow_box][\/vc_column][\/mk_page_section][mk_page_section][vc_column][vc_row_inner][vc_column_inner width=\u00bb1\/2&#8243;][vc_column_text css=\u00bb.vc_custom_1555930136335{margin-bottom: 0px !important;}\u00bb]MADES [&hellip;]<\/p>\n","protected":false},"author":13,"featured_media":0,"parent":0,"menu_order":0,"comment_status":"closed","ping_status":"closed","template":"","meta":{"rs_blank_template":"","rs_page_bg_color":"","slide_template_v7":"","footnotes":""},"class_list":["post-2887","page","type-page","status-publish","hentry"],"aioseo_notices":[],"_links":{"self":[{"href":"https:\/\/mades.es\/es\/wp-json\/wp\/v2\/pages\/2887","targetHints":{"allow":["GET"]}}],"collection":[{"href":"https:\/\/mades.es\/es\/wp-json\/wp\/v2\/pages"}],"about":[{"href":"https:\/\/mades.es\/es\/wp-json\/wp\/v2\/types\/page"}],"author":[{"embeddable":true,"href":"https:\/\/mades.es\/es\/wp-json\/wp\/v2\/users\/13"}],"replies":[{"embeddable":true,"href":"https:\/\/mades.es\/es\/wp-json\/wp\/v2\/comments?post=2887"}],"version-history":[{"count":3,"href":"https:\/\/mades.es\/es\/wp-json\/wp\/v2\/pages\/2887\/revisions"}],"predecessor-version":[{"id":5563,"href":"https:\/\/mades.es\/es\/wp-json\/wp\/v2\/pages\/2887\/revisions\/5563"}],"wp:attachment":[{"href":"https:\/\/mades.es\/es\/wp-json\/wp\/v2\/media?parent=2887"}],"curies":[{"name":"wp","href":"https:\/\/api.w.org\/{rel}","templated":true}]}}