{"id":2398,"date":"2018-09-14T10:43:34","date_gmt":"2018-09-14T08:43:34","guid":{"rendered":"https:\/\/mades.es\/?page_id=2398"},"modified":"2024-01-15T16:07:35","modified_gmt":"2024-01-15T15:07:35","slug":"proveedores","status":"publish","type":"page","link":"https:\/\/mades.es\/es\/proveedores\/","title":{"rendered":"Proveedores"},"content":{"rendered":"<div class=\"wpb-content-wrapper\">[mk_page_section bg_image=\u00bbhttps:\/\/mades.es\/wp-content\/uploads\/smt.jpg\u00bb bg_position=\u00bbcenter center\u00bb bg_repeat=\u00bbno-repeat\u00bb bg_stretch=\u00bbtrue\u00bb video_color_mask=\u00bb#000000&#8243; video_opacity=\u00bb0.5&#8243; min_height=\u00bb600&#8243; full_width=\u00bbtrue\u00bb js_vertical_centered=\u00bbtrue\u00bb padding_top=\u00bb0&#8243; padding_bottom=\u00bb0&#8243; el_class=\u00bbvideo\u00bb first_page=\u00bbtrue\u00bb last_page=\u00bbtrue\u00bb sidebar=\u00bbsidebar-1&#8243;][vc_column][vc_column_text el_class=\u00bbtitulo-seccion\u00bb css=\u00bb.vc_custom_1538647981307{margin-bottom: 0px !important;}\u00bb]\n<h1 style=\"text-align: center;\">Zona de proveedores<\/h1>\n[\/vc_column_text][\/vc_column][\/mk_page_section][mk_page_section min_height=\u00bb350&#8243; padding_top=\u00bb0&#8243; padding_bottom=\u00bb0&#8243; top_shape_color=\u00bb#ffffff\u00bb bottom_shape_size=\u00bbsmall\u00bb bottom_shape_color=\u00bb#ffffff\u00bb bottom_shape_bg_color=\u00bb#ffffff\u00bb first_page=\u00bbtrue\u00bb last_page=\u00bbtrue\u00bb sidebar=\u00bbsidebar-1&#8243;][vc_column][mk_padding_divider size=\u00bb90&#8243;][vc_row_inner][vc_column_inner width=\u00bb2\/3&#8243; offset=\u00bbvc_col-lg-offset-2 vc_col-md-offset-2 vc_col-sm-offset-2&#8243;][vc_column_text css=\u00bb.vc_custom_1618418019381{margin-bottom: 0px !important;}\u00bb]\n<h3 style=\"text-align: center;\"><strong>ZONA PRIVADA MADES<\/strong><\/h3>\n<h4 style=\"text-align: center;\"><em>Esta p\u00e1gina es Zona Privada MADES y contiene informaci\u00f3n que no es p\u00fablica<\/em><\/h4>\n<p style=\"text-align: center;\">Germ\u00e1n Pel\u00e1ez<br \/>\n+34.95.224.92.00 tel\u00e9fono<br \/>\n+34.95.224.92.47 fax<br \/>\n<a href=\"mailto:gpelaez@mades.es\">gpelaez@mades.es<\/a><\/p>\n[\/vc_column_text][\/vc_column_inner][\/vc_row_inner][mk_padding_divider][vc_row_inner][vc_column_inner width=\u00bb1\/3&#8243; offset=\u00bbvc_col-lg-offset-2 vc_col-md-offset-2 vc_col-sm-offset-2&#8243;][mk_button dimension=\u00bbflat\u00bb size=\u00bbmedium\u00bb url=\u00bb?wpdmdl=5350&#8243; target=\u00bb_blank\u00bb align=\u00bbcenter\u00bb margin_right=\u00bb0&#8243; el_class=\u00bbboton-descargas\u00bb bg_color=\u00bb#9bb9ce\u00bb btn_hover_bg=\u00bbrgba(155,185,206,0.9)\u00bb]DESCARGAR REQUISITOS DE CALIDAD[\/mk_button][\/vc_column_inner][vc_column_inner width=\u00bb1\/3&#8243;][mk_button dimension=\u00bbflat\u00bb size=\u00bbmedium\u00bb url=\u00bb\/wp-content\/uploads\/terminos-y-condiciones-generales-de-compra.pdf\u00bb target=\u00bb_blank\u00bb align=\u00bbcenter\u00bb margin_right=\u00bb0&#8243; el_class=\u00bbboton-descargas\u00bb bg_color=\u00bb#9bb9ce\u00bb btn_hover_bg=\u00bbrgba(155,185,206,0.9)\u00bb]DESCARGAR T&amp;C&#8217;s GENERALES DE COMPRA[\/mk_button][\/vc_column_inner][\/vc_row_inner][mk_padding_divider][\/vc_column][\/mk_page_section]\n<\/div>","protected":false},"excerpt":{"rendered":"<p>[mk_page_section bg_image=\u00bbhttps:\/\/mades.es\/wp-content\/uploads\/smt.jpg\u00bb bg_position=\u00bbcenter center\u00bb bg_repeat=\u00bbno-repeat\u00bb bg_stretch=\u00bbtrue\u00bb video_color_mask=\u00bb#000000&#8243; video_opacity=\u00bb0.5&#8243; min_height=\u00bb600&#8243; full_width=\u00bbtrue\u00bb js_vertical_centered=\u00bbtrue\u00bb padding_top=\u00bb0&#8243; padding_bottom=\u00bb0&#8243; el_class=\u00bbvideo\u00bb first_page=\u00bbtrue\u00bb last_page=\u00bbtrue\u00bb sidebar=\u00bbsidebar-1&#8243;][vc_column][vc_column_text el_class=\u00bbtitulo-seccion\u00bb css=\u00bb.vc_custom_1538647981307{margin-bottom: 0px !important;}\u00bb] Zona de proveedores [\/vc_column_text][\/vc_column][\/mk_page_section][mk_page_section min_height=\u00bb350&#8243; padding_top=\u00bb0&#8243; padding_bottom=\u00bb0&#8243; top_shape_color=\u00bb#ffffff\u00bb bottom_shape_size=\u00bbsmall\u00bb bottom_shape_color=\u00bb#ffffff\u00bb bottom_shape_bg_color=\u00bb#ffffff\u00bb first_page=\u00bbtrue\u00bb last_page=\u00bbtrue\u00bb sidebar=\u00bbsidebar-1&#8243;][vc_column][mk_padding_divider size=\u00bb90&#8243;][vc_row_inner][vc_column_inner width=\u00bb2\/3&#8243; offset=\u00bbvc_col-lg-offset-2 vc_col-md-offset-2 vc_col-sm-offset-2&#8243;][vc_column_text css=\u00bb.vc_custom_1618418019381{margin-bottom: 0px !important;}\u00bb] ZONA PRIVADA MADES Esta p\u00e1gina es Zona Privada MADES y contiene informaci\u00f3n [&hellip;]<\/p>\n","protected":false},"author":13,"featured_media":0,"parent":0,"menu_order":0,"comment_status":"closed","ping_status":"closed","template":"","meta":{"rs_blank_template":"","rs_page_bg_color":"","slide_template_v7":"","footnotes":""},"class_list":["post-2398","page","type-page","status-publish","hentry"],"aioseo_notices":[],"_links":{"self":[{"href":"https:\/\/mades.es\/es\/wp-json\/wp\/v2\/pages\/2398","targetHints":{"allow":["GET"]}}],"collection":[{"href":"https:\/\/mades.es\/es\/wp-json\/wp\/v2\/pages"}],"about":[{"href":"https:\/\/mades.es\/es\/wp-json\/wp\/v2\/types\/page"}],"author":[{"embeddable":true,"href":"https:\/\/mades.es\/es\/wp-json\/wp\/v2\/users\/13"}],"replies":[{"embeddable":true,"href":"https:\/\/mades.es\/es\/wp-json\/wp\/v2\/comments?post=2398"}],"version-history":[{"count":1,"href":"https:\/\/mades.es\/es\/wp-json\/wp\/v2\/pages\/2398\/revisions"}],"predecessor-version":[{"id":5351,"href":"https:\/\/mades.es\/es\/wp-json\/wp\/v2\/pages\/2398\/revisions\/5351"}],"wp:attachment":[{"href":"https:\/\/mades.es\/es\/wp-json\/wp\/v2\/media?parent=2398"}],"curies":[{"name":"wp","href":"https:\/\/api.w.org\/{rel}","templated":true}]}}