{"id":2114,"date":"2016-01-07T09:50:01","date_gmt":"2016-01-07T09:50:01","guid":{"rendered":"https:\/\/mades.es\/es\/politica-de-privacidad\/"},"modified":"2024-11-15T11:08:06","modified_gmt":"2024-11-15T10:08:06","slug":"politica-de-privacidad","status":"publish","type":"page","link":"https:\/\/mades.es\/es\/politica-de-privacidad\/","title":{"rendered":"Pol\u00edtica de privacidad"},"content":{"rendered":"<div class=\"wpb-content-wrapper\">[vc_row][vc_column][vc_column_text css=\u00bb.vc_custom_1731663877657{margin-bottom: 0px !important;}\u00bb]\n<h1>POL\u00cdTICA DE PRIVACIDAD<\/h1>\n<p>En cumplimiento de lo dispuesto en el Reglamento (UE) 2016\/679 del Parlamento Europeo y del Consejo, de 27 de abril de 2016, relativo a la protecci\u00f3n de las personas f\u00edsicas en lo que respecta al tratamiento de datos personales y a la libre circulaci\u00f3n de estos datos (RGPD), as\u00ed como en cumplimiento de lo dispuesto en la Ley Org\u00e1nica 3\/2018, de 5 de diciembre, de Protecci\u00f3n de Datos Personales y garant\u00eda de los derechos digitales (LOPDGDD), se informa de los siguientes puntos relacionados con el tratamiento de datos personales:<\/p>\n<h3>\u00bfQUI\u00c9N ES EL RESPONSABLE DEL TRATAMIENTO?<\/h3>\n[\/vc_column_text][mk_table]\n<table width=\"100%\">\n<tbody>\n<tr>\n<td><strong>Responsable del Tratamiento<\/strong><\/td>\n<td>M\u00e1laga Sistemas Aeroespaciales, de Defensa y Electr\u00f3nica, SAU (en adelante \u201cMADES\u201d)<\/td>\n<\/tr>\n<tr>\n<td><strong>CIF<\/strong><\/td>\n<td>A29453784<\/td>\n<\/tr>\n<tr>\n<td><strong>Domicilio social<\/strong><\/td>\n<td>Avda. Juan L\u00f3pez de Pe\u00f1alver, 12, 29590, M\u00e1laga<\/td>\n<\/tr>\n<tr>\n<td><strong>Correo electr\u00f3nico<\/strong><\/td>\n<td><a href=\"mailto:info@mades.es\">info@mades.es<\/a><\/td>\n<\/tr>\n<tr>\n<td><strong>Tel\u00e9fono<\/strong><\/td>\n<td><a href=\"tel:+34952249200\">+34 952 24 92 00<\/a><\/td>\n<\/tr>\n<tr>\n<td><strong>Datos registrales<\/strong><\/td>\n<td>Registro Mercantil de M\u00e1laga, Tomo 1108, folio 104, hoja MA-1467<\/td>\n<\/tr>\n<\/tbody>\n<\/table>\n[\/mk_table][vc_column_text css=\u00bb.vc_custom_1731663997927{margin-bottom: 0px !important;}\u00bb]\n<h3>\u00bfCU\u00c1L ES LA FINALIDAD DEL TRATAMIENTO DE SUS DATOS?<\/h3>\n<p>Dependiendo de los distintos formularios, servicios o contenidos, sus datos podr\u00e1n ser tratados con las siguientes finalidades:[\/vc_column_text][mk_table]\n<table width=\"100%\">\n<thead>\n<tr>\n<th style=\"text-align: left;\">PROCESO DE RECOGIDA DE DATOS<\/th>\n<th style=\"text-align: left;\">FINALIDAD DEL TRATAMIENTO<\/th>\n<\/tr>\n<\/thead>\n<tbody>\n<tr>\n<td><strong>FORMULARIO SABER M\u00c1S \/ CANALES DE CONTACTO<\/strong><\/td>\n<td>Los datos personales que nos proporcione se utilizar\u00e1n para tramitar su consulta o solicitud de informaci\u00f3n.<\/td>\n<\/tr>\n<tr>\n<td><strong>FORMULARIO DE DESCARGA DEL E-BOOK<\/strong><\/td>\n<td>Los datos personales que nos proporcione a trav\u00e9s del formulario se utilizar\u00e1n para gestionar la descarga y acceso al E-book de Mades.<\/td>\n<\/tr>\n<\/tbody>\n<\/table>\n[\/mk_table][vc_column_text css=\u00bb.vc_custom_1731664371929{margin-bottom: 0px !important;}\u00bb]\n<h3>\u00bfCU\u00c1L ES LA BASE LEGAL PARA EL TRATAMIENTO DE DATOS?<\/h3>\n<p>La base legal para el tratamiento de los datos personales recogidos por MADES se basa en diferentes disposiciones legales en funci\u00f3n del contexto de recogida y tratamiento:[\/vc_column_text][mk_table]\n<table width=\"100%\">\n<thead>\n<tr>\n<th style=\"text-align: left;\">PROCESO DE RECOGIDA DE DATOS<\/th>\n<th style=\"text-align: left;\">FINALIDAD DEL TRATAMIENTO<\/th>\n<\/tr>\n<\/thead>\n<tbody>\n<tr>\n<td><strong>FORMULARIO \u201cM\u00c1S INFORMACI\u00d3N\u201d<\/strong><\/p>\n<p><strong>CANALES DE CONTACTO<\/strong><\/td>\n<td>Los datos personales recabados a trav\u00e9s de nuestros canales de contacto se utilizar\u00e1n para tramitar la consulta o solicitud de informaci\u00f3n que el interesado nos dirija.<\/td>\n<\/tr>\n<tr>\n<td><strong>FORMULARIO DE DESCARGA DE LIBRO ELECTR\u00d3NICO<\/strong><\/td>\n<td>Los datos personales que el interesado aporte se utilizar\u00e1n con la finalidad de gestionar la descarga y acceso al E-book de Mades.<\/td>\n<\/tr>\n<tr>\n<td><strong>POTENCIALES CLIENTES<\/strong><\/td>\n<td>Los datos de car\u00e1cter personal se tratar\u00e1n con el fin de gestionar la relaci\u00f3n precontractual con potenciales Clientes y, en su caso, la presentaci\u00f3n de propuestas relacionadas con los servicios prestados por MADES.<\/td>\n<\/tr>\n<tr>\n<td><strong>CLIENTES<\/strong><\/td>\n<td>Los datos de car\u00e1cter personal de Clientes se gestionar\u00e1n con la finalidad de garantizar la correcta prestaci\u00f3n de los servicios contratados, as\u00ed como facilitar la gesti\u00f3n administrativa.<\/td>\n<\/tr>\n<tr>\n<td><strong>GESTI\u00d3N DE PROTOCOLO Y COMUNICACI\u00d3N<\/strong><\/td>\n<td>Los datos de car\u00e1cter personal se tratar\u00e1n con el fin de gestionar las comunicaciones profesionales entre las partes y consolidar el mantenimiento de comunicaciones corporativas que redunden en la mejora de los procesos comerciales.<\/td>\n<\/tr>\n<\/tbody>\n<\/table>\n[\/mk_table][vc_column_text css=\u00bb.vc_custom_1718271900497{margin-bottom: 0px !important;}\u00bb]\n<h3>\u00bfCU\u00c1L ES LA BASE QUE LEGITIMA EL TRATAMIENTO?<\/h3>\n<p>La base legal del tratamiento de los datos personales recabados por MADES se fundamenta en distintos preceptos legales, en funci\u00f3n del contexto de la recogida y tratamiento:[\/vc_column_text][mk_table]\n<table width=\"100%\">\n<thead>\n<tr>\n<th style=\"text-align: left;\">PROCESO DE RECOGIDA DE DATOS<\/th>\n<th style=\"text-align: left;\">BASE LEGAL DEL TRATAMIENTO<\/th>\n<\/tr>\n<\/thead>\n<tbody>\n<tr>\n<td><strong>FORMULARIO \u201cM\u00c1S INFORMACI\u00d3N\u201d<\/strong><\/p>\n<p><strong>CANALES DE CONTACTO<\/strong><\/td>\n<td>La base legal para el tratamiento de los datos es el consentimiento inequ\u00edvoco prestado al completar el formulario. El Usuario tiene derecho a retirar el consentimiento en cualquier momento sin que ello afecte a la licitud del tratamiento basado en el consentimiento previo a su retirada.<\/td>\n<\/tr>\n<tr>\n<td><strong>DESCARGA DE LIBRO ELECTR\u00d3NICO<\/strong><\/td>\n<td>La base legal para el tratamiento de los datos es el consentimiento inequ\u00edvoco prestado al completar el formulario. El Usuario tiene derecho a retirar el consentimiento en cualquier momento sin que ello afecte a la licitud del tratamiento basado en el consentimiento previo a su retirada.<\/td>\n<\/tr>\n<tr>\n<td><strong>POTENCIALES CLIENTES<\/strong><\/td>\n<td>La base que legitima el tratamiento es la ejecuci\u00f3n de la relaci\u00f3n precontractual.<\/td>\n<\/tr>\n<tr>\n<td><strong>CLIENTES<\/strong><\/td>\n<td>La base que legitima el tratamiento es la ejecuci\u00f3n de la relaci\u00f3n contractual.<\/td>\n<\/tr>\n<tr>\n<td><strong>GESTI\u00d3N DE PROTOCOLO Y COMUNICACI\u00d3N<\/strong><\/td>\n<td>La base que legitima el tratamiento es el inter\u00e9s leg\u00edtimo de consolidar el mantenimiento de comunicaciones corporativas que redunden en la mejora de los procesos comerciales.<\/td>\n<\/tr>\n<\/tbody>\n<\/table>\n[\/mk_table][vc_column_text css=\u00bb.vc_custom_1731664653505{margin-bottom: 0px !important;}\u00bb]\n<h3>\u00bfA QUI\u00c9N SE COMUNICAN SUS DATOS?<\/h3>\n<p>Solo se producir\u00e1n cesiones de datos a terceros en tanto sea requerido por imperativo legal (autoridades competentes, jueces y\/o tribunales), o sea estrictamente necesario para la ejecuci\u00f3n de la relaci\u00f3n entre las partes. Al margen de estos supuestos, no se producir\u00e1n cesiones de datos a menos que se haya recabado previamente el consentimiento inequ\u00edvoco de los interesados.<\/p>\n<h3>\u00bfPOR CU\u00c1NTO TIEMPO SE CONSERVA LA INFORMACI\u00d3N?<\/h3>\n<p>El periodo de conservaci\u00f3n de la informaci\u00f3n variar\u00e1 en funci\u00f3n del tipo de tratamiento:[\/vc_column_text][mk_table]\n<table width=\"100%\">\n<thead>\n<tr>\n<th style=\"text-align: left;\">PROCESO DE DATOS<\/th>\n<th style=\"text-align: left;\">PERIODO DE RETENCI\u00d3N<\/th>\n<\/tr>\n<\/thead>\n<tbody>\n<tr>\n<td><strong>FORMULARIO \u201cM\u00c1S INFORMACI\u00d3N\u201d<\/strong><\/p>\n<p><strong>CANALES DE CONTACTO<\/strong><\/td>\n<td>Los datos ser\u00e1n tratados durante el tiempo necesario para atender la consulta\/petici\u00f3n del Usuario. Una vez transcurrido el plazo legal de conservaci\u00f3n los datos ser\u00e1n suprimidos.<\/td>\n<\/tr>\n<tr>\n<td><strong>FORMULARIO DE DESCARGA DE LIBRO ELECTR\u00d3NICO<\/strong><\/td>\n<td>Los datos ser\u00e1n tratados durante el tiempo necesario para gestionar el proceso de descarga del E-book solicitado por el usuario. Una vez transcurrido el plazo legal de conservaci\u00f3n, los datos ser\u00e1n eliminados.<\/td>\n<\/tr>\n<tr>\n<td><strong>POTENCIALES CLIENTES<\/strong><\/td>\n<td>La informaci\u00f3n se conservar\u00e1 durante el plazo en que se mantenga la relaci\u00f3n comercial entre las partes y, una vez finalizada la misma, los datos se mantendr\u00e1n debidamente bloqueados durante el per\u00edodo de prescripci\u00f3n de acciones legales, de acuerdo con la legislaci\u00f3n aplicable.<\/td>\n<\/tr>\n<tr>\n<td><strong>CLIENTES<\/strong><\/td>\n<td>La informaci\u00f3n se conservar\u00e1 durante el plazo en que se mantenga la relaci\u00f3n contractual entre las partes. Posteriormente los datos se mantendr\u00e1n debidamente bloqueados durante el per\u00edodo de prescripci\u00f3n de acciones legales y superado dicho plazo se proceder\u00e1 a la supresi\u00f3n.<\/td>\n<\/tr>\n<tr>\n<td><strong>GESTI\u00d3N DE PROTOCOLO Y COMUNICACI\u00d3N<\/strong><\/td>\n<td>La informaci\u00f3n se conservar\u00e1 durante el plazo en que se mantenga el contacto profesional entre las partes y, una vez finalizado, los datos se mantendr\u00e1n debidamente bloqueados durante el per\u00edodo de prescripci\u00f3n de acciones legales, de acuerdo con la legislaci\u00f3n aplicable.<\/td>\n<\/tr>\n<\/tbody>\n<\/table>\n[\/mk_table][vc_column_text css=\u00bb.vc_custom_1731664935340{margin-bottom: 0px !important;}\u00bb]\n<h3>\u00bfC\u00d3MO PROTEGEMOS SUS DATOS?<\/h3>\n<p>MADES utiliza las tecnolog\u00edas adecuadas al estado actual de la t\u00e9cnica para proteger sus datos e informaci\u00f3n personal; nuestro sitio web se encuentra alojado en servidores seguros protegidos contra los tipos de ataques m\u00e1s habituales. MADES ha adoptado las medidas t\u00e9cnicas y organizativas necesarias para garantizar la seguridad de los datos de car\u00e1cter personal y evitar su alteraci\u00f3n, p\u00e9rdida, tratamiento o acceso no autorizado, habida cuenta del estado de la tecnolog\u00eda, la naturaleza de los datos almacenados y los riesgos a que est\u00e1n expuestos. Le recordamos la necesidad de que su usuario y contrase\u00f1a sean privados e intransferibles.<\/p>\n<p>Si sospecha de alg\u00fan acceso no autorizado al \u00e1rea de acceso restringido, deber\u00e1 notific\u00e1rnoslo inmediatamente a la direcci\u00f3n de correo electr\u00f3nico info@mades.es para que podamos tomar las medidas adecuadas para garantizar la confidencialidad, seguridad e integridad de sus datos personales.<\/p>\n<h3>\u00bfCU\u00c1LES SON SUS DERECHOS EN MATERIA DE PROTECCI\u00d3N DE DATOS?<\/h3>\n<p>El Reglamento General de Protecci\u00f3n de Datos (RGPD) reconoce diversos derechos al titular de los datos en relaci\u00f3n con el tratamiento de sus datos personales. A continuaci\u00f3n, le informamos sobre cada uno de estos derechos y los canales a trav\u00e9s de los cuales puede presentar la solicitud correspondiente:[\/vc_column_text][mk_table]\n<table width=\"100%\">\n<thead>\n<tr>\n<th style=\"text-align: left;\">TIPO DE DERECHO<\/th>\n<th style=\"text-align: left;\">DESCRIPCI\u00d3N<\/th>\n<\/tr>\n<\/thead>\n<tbody>\n<tr>\n<td><strong>ACCESO<\/strong><\/td>\n<td>Usted tiene derecho a obtener confirmaci\u00f3n de si se est\u00e1n tratando o no datos personales que le conciernen y, en tal caso, acceder a la siguiente informaci\u00f3n: los fines del tratamiento; las categor\u00edas de datos tratados; los destinatarios o las categor\u00edas de destinatarios a los que se han comunicado o se comunicar\u00e1n los datos; cuando sea posible, el plazo previsto de conservaci\u00f3n de los datos personales o, de no ser posible, los criterios utilizados para determinar dicho plazo.<\/td>\n<\/tr>\n<tr>\n<td><strong>RECTIFICACI\u00d3N<\/strong><\/td>\n<td>Tiene derecho a obtener la rectificaci\u00f3n de los datos personales inexactos que le conciernan. Teniendo en cuenta los fines del tratamiento, tambi\u00e9n tiene derecho a que se completen los datos personales que sean incompletos, inclusive mediante una declaraci\u00f3n complementaria. Para ello, deber\u00e1 especificar en su solicitud a qu\u00e9 datos se refiere y la correcci\u00f3n que debemos realizar; tambi\u00e9n deber\u00e1 adjuntar, cuando sea necesario, la documentaci\u00f3n acreditativa de la inexactitud o del car\u00e1cter incompleto de los datos objeto de tratamiento.<\/td>\n<\/tr>\n<tr>\n<td><strong>LIMITACI\u00d3N<\/strong><\/td>\n<td>Tienes derecho a obtener la limitaci\u00f3n del tratamiento de los datos cuando se cumpla alguna de las condiciones siguientes:<\/p>\n<ul>\n<li>cuando usted impugne la exactitud de sus datos personales, durante un plazo que permita a la Empresa verificar su exactitud.<\/li>\n<li>si considera que el tratamiento es il\u00edcito y se opone a la supresi\u00f3n de los datos personales y solicita en su lugar la limitaci\u00f3n de su uso.<\/li>\n<li>si la Empresa ya no necesita los datos personales para los fines del tratamiento, pero usted los necesita para el establecimiento, ejercicio o defensa de reclamaciones legales.<\/li>\n<li>si se ha opuesto al tratamiento en espera de que se verifique si los motivos leg\u00edtimos de la Empresa prevalecen sobre los suyos.<\/li>\n<\/ul>\n<\/td>\n<\/tr>\n<tr>\n<td><strong>PORTABILIDAD<\/strong><\/td>\n<td>Tiene derecho a recibir los datos personales que le conciernen y que haya facilitado a la Empresa en un formato estructurado, de uso com\u00fan y lectura mec\u00e1nica, y a transmitirlos a otro responsable del tratamiento sin impedimentos por parte de la Empresa, cuando el tratamiento est\u00e9 basado en el consentimiento y se efect\u00fae por medios automatizados. Al ejercer su derecho a la portabilidad de los datos, tiene derecho a que los datos personales se transmitan directamente de un responsable del tratamiento a otro, cuando sea t\u00e9cnicamente posible. Este derecho a la portabilidad de los datos no se aplica al tratamiento necesario para el cumplimiento de una misi\u00f3n realizada en inter\u00e9s p\u00fablico o en el ejercicio de poderes p\u00fablicos conferidos al responsable del tratamiento. El derecho a la portabilidad de los datos no se extiende a los datos que la Empresa haya inferido de los datos derivados directamente del uso de los servicios prestados.<\/td>\n<\/tr>\n<tr>\n<td><strong>OPOSICI\u00d3N<\/strong><\/td>\n<td>Tiene derecho a oponerse en cualquier momento al tratamiento de sus datos personales, incluida la elaboraci\u00f3n de perfiles. Si ejerce este derecho, la Empresa dejar\u00e1 de tratar sus datos personales, a menos que acreditemos motivos leg\u00edtimos imperiosos para el tratamiento que prevalezcan sobre sus intereses, derechos y libertades, o para la formulaci\u00f3n, el ejercicio o la defensa de reclamaciones.<\/td>\n<\/tr>\n<tr>\n<td><strong>TOMA DE DECISIONES AUTOMATIZADAS<\/strong><\/td>\n<td>El interesado tiene derecho a no ser objeto de una decisi\u00f3n basada \u00fanicamente en el tratamiento automatizado, incluida la elaboraci\u00f3n de perfiles, que produzca efectos jur\u00eddicos en \u00e9l o le afecte significativamente de modo similar.<\/td>\n<\/tr>\n<tr>\n<td colspan=\"2\"><strong>CANALES PARA EJERCER ESTOS DERECHOS<\/strong><\/td>\n<\/tr>\n<tr>\n<td colspan=\"2\">Para ejercitar cualquiera de los derechos indicados en los apartados anteriores, el Usuario podr\u00e1 enviar un correo electr\u00f3nico a <a href=\"mailto:gdpr@mades.es\">gdpr@mades.es<\/a> o enviar una carta a la siguiente direcci\u00f3n: Avda. Juan L\u00f3pez de Pe\u00f1alver, 12, 29590, M\u00e1laga.<\/p>\n<p>En caso de que considere vulnerados sus derechos en materia de protecci\u00f3n de datos, especialmente cuando no haya obtenido satisfacci\u00f3n en el ejercicio de sus derechos, puede presentar una reclamaci\u00f3n ante la Agencia Espa\u00f1ola de Protecci\u00f3n de Datos. A continuaci\u00f3n, se indican los datos de contacto de esta autoridad de control:<\/p>\n<ul>\n<li>Direcci\u00f3n postal: Calle Jorge Juan n\u00ba 6, CP 28001, Madrid<\/li>\n<li>Direcci\u00f3n web: <a href=\"https:\/\/www.aepd.es\" target=\"_blank\" rel=\"nofollow noopener\">www.aepd.es<\/a><\/li>\n<li>Tel\u00e9fonos: 901 100 099\/ 912 663 517<\/li>\n<\/ul>\n<\/td>\n<\/tr>\n<\/tbody>\n<\/table>\n[\/mk_table][vc_column_text css=\u00bb.vc_custom_1731665281413{margin-bottom: 0px !important;}\u00bb]\n<h3>VERACIDAD Y ACTUALIZACI\u00d3N DE LA INFORMACI\u00d3N FACILITADA<\/h3>\n<p>Toda la informaci\u00f3n que facilite el Usuario deber\u00e1 ser veraz y exacta. A estos efectos, el Usuario deber\u00e1 garantizar la autenticidad de todos los datos que comunique como consecuencia de la cumplimentaci\u00f3n de los formularios correspondientes. Para registrarse y\/o cumplimentar cualquier formulario, el Usuario deber\u00e1 proporcionar todos los datos que en dichos formularios se indiquen como obligatorios, garantizando que los datos facilitados sean exactos y pertinentes a la realidad. La variaci\u00f3n de sus datos deber\u00e1 ser notificada lo antes posible a MADES. En todo caso, el Usuario ser\u00e1 el \u00fanico responsable de las manifestaciones falsas o inexactas que realice y de los perjuicios que cause a MADES o a terceros por la informaci\u00f3n que facilite.<\/p>\n<h3>MODIFICACIONES EN LA POL\u00cdTICA DE PRIVACIDAD<\/h3>\n<p>MADES se reserva el derecho a modificar la presente Pol\u00edtica de Privacidad para adaptarla a novedades legislativas o jurisprudenciales, as\u00ed como a pr\u00e1cticas de la industria. En dichos supuestos, MADES anunciar\u00e1 en esta p\u00e1gina los cambios introducidos con razonable antelaci\u00f3n a su puesta en pr\u00e1ctica.[\/vc_column_text][vc_column_text css=\u00bb.vc_custom_1718271415515{margin-bottom: 0px !important;}\u00bb]<p class=\"last-updated-date\">Actualizado por \u00faltima vez: 15 de noviembre de 2024 a las 11:08 am<\/p>[\/vc_column_text][\/vc_column][\/vc_row]\n<\/div>","protected":false},"excerpt":{"rendered":"<p>[vc_row][vc_column][vc_column_text css=\u00bb.vc_custom_1731663877657{margin-bottom: 0px !important;}\u00bb] POL\u00cdTICA DE PRIVACIDAD En cumplimiento de lo dispuesto en el Reglamento (UE) 2016\/679 del Parlamento Europeo y del Consejo, de 27 de abril de 2016, relativo a la protecci\u00f3n de las personas f\u00edsicas en lo que respecta al tratamiento de datos personales y a la libre circulaci\u00f3n de estos datos (RGPD), [&hellip;]<\/p>\n","protected":false},"author":13,"featured_media":0,"parent":0,"menu_order":0,"comment_status":"closed","ping_status":"closed","template":"","meta":{"rs_blank_template":"","rs_page_bg_color":"","slide_template_v7":"","footnotes":""},"class_list":["post-2114","page","type-page","status-publish","hentry"],"aioseo_notices":[],"_links":{"self":[{"href":"https:\/\/mades.es\/es\/wp-json\/wp\/v2\/pages\/2114","targetHints":{"allow":["GET"]}}],"collection":[{"href":"https:\/\/mades.es\/es\/wp-json\/wp\/v2\/pages"}],"about":[{"href":"https:\/\/mades.es\/es\/wp-json\/wp\/v2\/types\/page"}],"author":[{"embeddable":true,"href":"https:\/\/mades.es\/es\/wp-json\/wp\/v2\/users\/13"}],"replies":[{"embeddable":true,"href":"https:\/\/mades.es\/es\/wp-json\/wp\/v2\/comments?post=2114"}],"version-history":[{"count":3,"href":"https:\/\/mades.es\/es\/wp-json\/wp\/v2\/pages\/2114\/revisions"}],"predecessor-version":[{"id":5416,"href":"https:\/\/mades.es\/es\/wp-json\/wp\/v2\/pages\/2114\/revisions\/5416"}],"wp:attachment":[{"href":"https:\/\/mades.es\/es\/wp-json\/wp\/v2\/media?parent=2114"}],"curies":[{"name":"wp","href":"https:\/\/api.w.org\/{rel}","templated":true}]}}