{"id":2113,"date":"2016-01-07T09:44:48","date_gmt":"2016-01-07T09:44:48","guid":{"rendered":"https:\/\/mades.es\/es\/politica-de-cookies\/"},"modified":"2024-07-22T13:42:41","modified_gmt":"2024-07-22T11:42:41","slug":"politica-de-cookies","status":"publish","type":"page","link":"https:\/\/mades.es\/es\/politica-de-cookies\/","title":{"rendered":"Pol\u00edtica de cookies"},"content":{"rendered":"<div class=\"wpb-content-wrapper\">[vc_row][vc_column][vc_column_text css=\u00bb.vc_custom_1721648318317{margin-bottom: 0px !important;}\u00bb]\n<h1><strong>Pol\u00edtica de Cookies<\/strong><\/h1>\n<p>En base a lo previsto en el art\u00edculo 22 de la Ley de Servicios de la Sociedad de la Informaci\u00f3n y Comercio Electr\u00f3nico, as\u00ed como en el Considerando 30 del Reglamento (UE) 2016\/679 del Parlamento Europeo y del Consejo, de 27 de abril de 2016, relativo a la protecci\u00f3n de las personas f\u00edsicas en lo que respecta al tratamiento de datos personales y a la libre circulaci\u00f3n de estos datos (RGPD), le informamos que el sitio web utiliza cookies con las finalidades que se detallan en la presente Pol\u00edtica de Cookies.<\/p>\n<h3>\u00bfQU\u00c9 SON LAS COOKIES?<\/h3>\n<p>Las cookies son archivos de texto que contienen peque\u00f1as cantidades de informaci\u00f3n que se descargan en su ordenador o dispositivo m\u00f3vil cuando el Usuario visita un sitio web. Las cookies se env\u00edan de vuelta al sitio web original en cada visita posterior, o a otro sitio web que las reconoce. Las cookies pueden realizar diferentes funciones, como permitir navegar entre las p\u00e1ginas de manera eficiente, recordando sus preferencias y en general, mejorar la navegaci\u00f3n del usuario.<\/p>\n<h3>TIPOS DE COOKIES EXISTENTES<\/h3>\n<p>Seg\u00fan distintos criterios de clasificaci\u00f3n, las cookies se pueden clasificar en los siguientes tipos:<\/p>\n<ol>\n<li>Seg\u00fan el emisor de las cookies:\n<ul>\n<li>Cookies propias: Son aquellas que se env\u00edan al equipo terminal del usuario desde un equipo o dominio gestionado por el propio editor del sitio web y desde el que se presta el servicio solicitado por el usuario.<\/li>\n<li>Cookies de tercero: Son aquellas que se env\u00edan al equipo terminal del usuario desde un equipo o dominio que no es gestionado por el editor del sitio web, sino por otra entidad que trata los datos obtenidos trav\u00e9s de las cookies.<\/li>\n<\/ul>\n<\/li>\n<li>Seg\u00fan el ciclo de vida de las cookies:\n<ul>\n<li>Cookies de sesi\u00f3n: Son cookies temporales que permanecen en el archivo de cookies de su navegador hasta que abandone la p\u00e1gina web, por lo que ninguna queda registrada en el disco duro del usuario. La informaci\u00f3n obtenida con estas cookies sirve para analizar pautas de tr\u00e1fico en la web. Esto permite proporcionar una mejor experiencia para mejorar el contenido y facilitar su uso.<\/li>\n<li>Cookies permanentes: Son almacenadas en el disco duro y el sitio web las lee cada vez que el usuario realiza una nueva visita. Una cookie permanente posee una fecha de expiraci\u00f3n determinada. La cookie dejar\u00e1 de funcionar despu\u00e9s de esa fecha. Se utilizan para facilitar los servicios de compra y registro.<\/li>\n<\/ul>\n<\/li>\n<li>Seg\u00fan la finalidad para la que se usan las cookies:\n<ul>\n<li>Cookies t\u00e9cnicas: Son aquellas que permiten al usuario la navegaci\u00f3n a trav\u00e9s de una p\u00e1gina web, plataforma o aplicaci\u00f3n y la utilizaci\u00f3n de las diferentes opciones o servicios que en ella existan como, por ejemplo, controlar el tr\u00e1fico y la comunicaci\u00f3n de datos, identificar la sesi\u00f3n, acceder a partes de acceso restringido, recordar los elementos que integran un pedido, realizar el proceso de compra de un pedido, realizar la solicitud de inscripci\u00f3n o participaci\u00f3n en un evento, utilizar elementos de seguridad durante la navegaci\u00f3n, almacenar contenidos para la difusi\u00f3n de videos o sonido o compartir contenidos a trav\u00e9s de redes sociales.<\/li>\n<li>Cookies de personalizaci\u00f3n: Son aquellas que permiten al usuario acceder al servicio con algunas caracter\u00edsticas de car\u00e1cter general predefinidas en funci\u00f3n de una serie de criterios en el terminal del usuario como por ejemplo serian el idioma, el tipo de navegador a trav\u00e9s del cual accede al servicio, la configuraci\u00f3n regional desde donde accede al servicio, etc.<\/li>\n<li>Cookies de an\u00e1lisis: Son aquellas que permiten al responsable de estas, el seguimiento y an\u00e1lisis del comportamiento de los usuarios de los sitios web a los que est\u00e1n vinculadas. La informaci\u00f3n recogida mediante este tipo de cookies se utiliza en la medici\u00f3n de la actividad de los sitios web, aplicaci\u00f3n o plataforma y para la elaboraci\u00f3n de perfiles de navegaci\u00f3n de los usuarios de dichos sitios, aplicaciones y plataformas, con el fin de introducir mejoras en funci\u00f3n del an\u00e1lisis de los datos de uso que hacen los usuarios del servicio.<\/li>\n<li>Cookies publicitarias: Son aquellas que permiten la gesti\u00f3n de los espacios publicitarios que, en su caso, el editor haya incluido en una p\u00e1gina web, aplicaci\u00f3n o plataforma desde la que presta el servicio solicitado en base a criterios como el contenido editado o la frecuencia en la que se muestran los anuncios.<\/li>\n<li>Cookies de publicidad comportamental: Son aquellas que permiten la gesti\u00f3n de los espacios publicitarios que el editor haya incluido en una p\u00e1gina web, aplicaci\u00f3n o plataforma desde la que presta el servicio solicitado. Estas cookies almacenan informaci\u00f3n del comportamiento de los usuarios obtenida a trav\u00e9s de la observaci\u00f3n continuada de sus h\u00e1bitos de navegaci\u00f3n, lo que permite desarrollar un perfil espec\u00edfico para mostrar publicidad en funci\u00f3n de este.<\/li>\n<\/ul>\n<\/li>\n<\/ol>\n<h3>TIPOS DE COOKIES UTILIZADAS EN EL PRESENTE SITIO WEB<\/h3>\n<p>Le indicamos a continuaci\u00f3n el tipo de cookies utilizadas en el sitio web, su finalidad y entidad que las gestiona:[\/vc_column_text][vc_raw_html css=\u00bb\u00bb]JTNDZGl2JTIwY2xhc3MlM0QlMjAlMjJja3ktYXVkaXQtdGFibGUtZWxlbWVudCUyMiUzRSUzQyUyRmRpdiUzRQ==[\/vc_raw_html][vc_column_text css=\u00bb.vc_custom_1721648553708{margin-bottom: 0px !important;}\u00bb]<span style=\"font-weight: 400;\">La base que legitima el tratamiento en relaci\u00f3n con el uso de cookies t\u00e9cnicas es el inter\u00e9s leg\u00edtimo de MADES, para facilitar la navegaci\u00f3n del usuario por el sitio web. La base que legitima el tratamiento en relaci\u00f3n con el uso de cookies no necesarias para la navegaci\u00f3n es el consentimiento del usuario. El usuario puede revocar dicho consentimiento en cualquier momento, sin que ello afecte a la licitud del tratamiento con car\u00e1cter previo a su retirada. A tal efecto, el usuario puede consultar nuestro siguiente apartado sobre configuraci\u00f3n y desactivaci\u00f3n de cookies, as\u00ed como acceder a la informaci\u00f3n sobre el procedimiento para el ejercicio de derechos y resto de informaci\u00f3n relacionada con el tratamiento de datos personales, a trav\u00e9s de nuestra <a href=\"https:\/\/mades.es\/es\/politica-de-privacidad\/\">Pol\u00edtica de Privacidad<\/a>.<\/span><\/p>\n<h3>CONFIGURACI\u00d3N Y DESACTIVACI\u00d3N DE COOKIES<\/h3>\n<p>En los siguientes enlaces se facilita toda la informaci\u00f3n para configurar o deshabilitar cookies en cada navegador:<\/p>\n<ul>\n<li><a href=\"https:\/\/support.google.com\/chrome\/answer\/95647?hl=es\" target=\"_blank\" rel=\"nofollow noopener\">Google Chrome<\/a><\/li>\n<li><a href=\"https:\/\/support.mozilla.org\/es\/kb\/habilitar-y-deshabilitar-cookies-que-los-sitios-we\" target=\"_blank\" rel=\"nofollow noopener\">Mozilla Firefox<\/a><\/li>\n<li><a href=\"http:\/\/windows.microsoft.com\/es-es\/windows-vista\/block-or-allow-cookies\" target=\"_blank\" rel=\"nofollow noopener\">Internet Explorer<\/a><\/li>\n<li><a href=\"https:\/\/support.apple.com\/es-es\/guide\/safari\/sfri11471\/mac\" target=\"_blank\" rel=\"nofollow noopener\">Safari<\/a><\/li>\n<li><a href=\"https:\/\/www.opera.com\/help\/tutorials\/security\/privacy\/\" target=\"_blank\" rel=\"nofollow noopener\">Opera<\/a><\/li>\n<\/ul>\n<p>Adem\u00e1s, el Usuario puede gestionar el almacenamiento de cookies en su navegador a trav\u00e9s de herramientas como las siguientes:<\/p>\n<ul>\n<li>Ghostery: <a href=\"http:\/\/www.ghostery.com\/\" target=\"_blank\" rel=\"nofollow noopener\">www.ghostery.com<\/a><\/li>\n<li>Your online choices: <a href=\"http:\/\/www.youronlinechoices.com\/es\" target=\"_blank\" rel=\"nofollow noopener\">www.youronlinechoices.com\/es<\/a><\/li>\n<\/ul>\n<p>Adicionalmente, existen opciones para inhabilitar Google Analytics, que puede encontrar <a href=\"https:\/\/tools.google.com\/dlpage\/gaoptout?hl=es\" target=\"_blank\" rel=\"nofollow noopener\">aqu\u00ed<\/a>.<\/p>\n<p>Si desea m\u00e1s informaci\u00f3n acerca de las cookies, puede consultar la <a href=\"https:\/\/www.aepd.es\/sites\/default\/files\/2020-07\/guia-cookies.pdf\" target=\"_blank\" rel=\"nofollow noopener\">Gu\u00eda sobre el uso de cookies<\/a> elaborada por la Agencia Espa\u00f1ola de Protecci\u00f3n de Datos.[\/vc_column_text][vc_column_text css=\u00bb.vc_custom_1721646827074{margin-bottom: 0px !important;}\u00bb]<p class=\"last-updated-date\">Actualizado por \u00faltima vez: 22 de julio de 2024 a las 01:42 pm<\/p>[\/vc_column_text][\/vc_column][\/vc_row]\n<\/div>","protected":false},"excerpt":{"rendered":"<p>[vc_row][vc_column][vc_column_text css=\u00bb.vc_custom_1721648318317{margin-bottom: 0px !important;}\u00bb] Pol\u00edtica de Cookies En base a lo previsto en el art\u00edculo 22 de la Ley de Servicios de la Sociedad de la Informaci\u00f3n y Comercio Electr\u00f3nico, as\u00ed como en el Considerando 30 del Reglamento (UE) 2016\/679 del Parlamento Europeo y del Consejo, de 27 de abril de 2016, relativo a la [&hellip;]<\/p>\n","protected":false},"author":13,"featured_media":0,"parent":0,"menu_order":0,"comment_status":"closed","ping_status":"closed","template":"","meta":{"rs_blank_template":"","rs_page_bg_color":"","slide_template_v7":"","footnotes":""},"class_list":["post-2113","page","type-page","status-publish","hentry"],"aioseo_notices":[],"_links":{"self":[{"href":"https:\/\/mades.es\/es\/wp-json\/wp\/v2\/pages\/2113","targetHints":{"allow":["GET"]}}],"collection":[{"href":"https:\/\/mades.es\/es\/wp-json\/wp\/v2\/pages"}],"about":[{"href":"https:\/\/mades.es\/es\/wp-json\/wp\/v2\/types\/page"}],"author":[{"embeddable":true,"href":"https:\/\/mades.es\/es\/wp-json\/wp\/v2\/users\/13"}],"replies":[{"embeddable":true,"href":"https:\/\/mades.es\/es\/wp-json\/wp\/v2\/comments?post=2113"}],"version-history":[{"count":3,"href":"https:\/\/mades.es\/es\/wp-json\/wp\/v2\/pages\/2113\/revisions"}],"predecessor-version":[{"id":5395,"href":"https:\/\/mades.es\/es\/wp-json\/wp\/v2\/pages\/2113\/revisions\/5395"}],"wp:attachment":[{"href":"https:\/\/mades.es\/es\/wp-json\/wp\/v2\/media?parent=2113"}],"curies":[{"name":"wp","href":"https:\/\/api.w.org\/{rel}","templated":true}]}}