{"id":1430,"date":"2017-07-05T12:06:37","date_gmt":"2017-07-05T12:06:37","guid":{"rendered":"https:\/\/mades.es\/es\/press\/"},"modified":"2021-08-31T12:53:18","modified_gmt":"2021-08-31T10:53:18","slug":"prensa","status":"publish","type":"page","link":"https:\/\/mades.es\/es\/prensa\/","title":{"rendered":"PRENSA"},"content":{"rendered":"[mk_page_section sidebar=\u00bbsidebar-1&#8243;][vc_column][vc_empty_space][vc_column_text]\n<h1>PRENSA<\/h1>\n[\/vc_column_text][vc_empty_space][vc_column_text css=\u00bb.vc_custom_1551194180541{margin-bottom: 0px !important;}\u00bb]<strong>26\/02\/19<\/strong> &#8211;\u00a0<a title=\"\" href=\"https:\/\/www.infodefensa.com\/archivo\/files\/Sp2019(es).pdf\" target=\"_blank\" rel=\"noopener\">SPAIN Defence and Security Industry 2019<\/a>.[\/vc_column_text][vc_column_text css=\u00bb.vc_custom_1547048325073{margin-bottom: 0px !important;}\u00bb]<strong>03\/12\/18<\/strong> &#8211;\u00a0<a title=\"\" href=\"http:\/\/www.expansion.com\/andalucia\/2018\/12\/03\/5c047fd4e2704e06478b464f.html\" target=\"_blank\" rel=\"noopener\">Mades capta trabajo por valor de m\u00e1s de 30 millones<\/a>[\/vc_column_text][vc_column_text css=\u00bb.vc_custom_1547048261389{margin-bottom: 0px !important;}\u00bb]<strong>16\/10\/18<\/strong> &#8211;\u00a0<a title=\"\" href=\"https:\/\/www.europapress.es\/andalucia\/malaga-00356\/noticia-moving-reune-malaga-principales-actores-futuro-transporte-movilidad-inteligente-20181016171132.html\" target=\"_blank\" rel=\"noopener\">S-Moving re\u00fane en M\u00e1laga a los principales actores del futuro del transporte y la movilidad inteligente<\/a>[\/vc_column_text][vc_column_text]<strong>09\/07\/18<\/strong> &#8211;\u00a0<a href=\"https:\/\/www.laopiniondemalaga.es\/economia\/2018\/07\/09\/malaga-carrera-industria-40\/1018995.html\" target=\"_blank\" rel=\"noopener\">Malaga, en la carrera de la industria 4.0<\/a>[\/vc_column_text][vc_column_text]<strong>14\/06\/18<\/strong> &#8211;\u00a0<a href=\"http:\/\/www.redestelecom.es\/ferias\/agenda\/1106084001203\/s-moving-smart-autonomous-and-unmanned-vehicles-forum.1.html\" target=\"_blank\" rel=\"noopener\">MADES en el Comit\u00e9 Organizador del Foro S-Moving<\/a>[\/vc_column_text][vc_column_text]<strong>11\/05\/18<\/strong> &#8211;\u00a0<a href=\"https:\/\/www.linkedin.com\/feed\/update\/urn:li:activity:6400688186858704896\" target=\"_blank\" rel=\"noopener\">MADES en ADM Sevilla 2018<\/a>[\/vc_column_text][vc_column_text]<strong>14\/02\/18<\/strong> &#8211;\u00a0<a href=\"http:\/\/www.diariosur.es\/malaga-capital\/aertec-dekra-mades-20180214230633-nt.html\" target=\"_blank\" rel=\"noopener\">Aertec, Dekra, Mades, Indra y Oracle aportan sus experiencias desde el PTA<\/a>[\/vc_column_text][vc_column_text]<strong>13\/02\/18<\/strong> &#8211; <a href=\"http:\/\/www.defensa.com\/industria\/mades-expone-transfiere-capacidades-fabricacion-sistemas\" target=\"_blank\" rel=\"noopener\">MADES expone en Transfiere sus capacidades en la fabricaci\u00f3n de sistemas electr\u00f3nicos<\/a>[\/vc_column_text][vc_column_text]<strong>19\/12\/17<\/strong> &#8211;\u00a0<a href=\"http:\/\/www.expansion.com\/andalucia\/2017\/12\/19\/5a3842dd46163fdc418b4603.html\" target=\"_blank\" rel=\"noopener\">Mades crecer\u00e1 dos d\u00edgitos en 2018 al abrigo de una nueva era expansiva<\/a>[\/vc_column_text][vc_column_text]<strong>28\/11\/17<\/strong> &#8211;\u00a0<a href=\"http:\/\/www.laopiniondemalaga.es\/malaga\/2017\/11\/25\/pilar-tecnologico-malaga-cumple-25\/970380.html\" target=\"_blank\" rel=\"noopener\">El pilar tecnol\u00f3gico de M\u00e1laga cumple 25 a\u00f1os<\/a>[\/vc_column_text][vc_column_text]<strong>26\/11\/17<\/strong> &#8211;\u00a0<a href=\"http:\/\/www.laopiniondemalaga.es\/malaga\/2017\/11\/25\/pioneros-parque-tecnologico-andalucia\/970384.html\" target=\"_blank\" rel=\"noopener\">Los pioneros del Parque Tecnol\u00f3gico de Andaluc\u00eda<\/a>[\/vc_column_text][vc_column_text]<strong>31\/7\/17<\/strong> &#8211; <a href=\"http:\/\/www.infoespacial.com\/es\/2017\/07\/31\/noticia-andalucia-asociacion-empresarial-aeroespacial.html\" target=\"_blank\" rel=\"noopener\">El sector aeroespacial andaluz se une para reforzar su presencia en H\u00e9lice<\/a>[\/vc_column_text][vc_column_text]<strong>19\/6\/17<\/strong> &#8211; <a href=\"http:\/\/www.infodefensa.com\/es\/2017\/06\/19\/noticia-feria-bourget-puertas-treinta-empresas-espanolas.html\" target=\"_blank\" rel=\"noopener\">Le Bourget abre las puertas de su 59 edici\u00f3n<\/a>[\/vc_column_text][vc_column_text]<strong>15\/6\/17<\/strong> &#8211; <a href=\"http:\/\/www.infodefensa.com\/es\/2017\/06\/15\/noticia-mades-mostrara-bourget-servicios-fabricacion-aditiva.html\" target=\"_blank\" rel=\"noopener\">Mades mostrar\u00e1 en Le Bourget sus servicios de fabricaci\u00f3n electr\u00f3nica<\/a>[\/vc_column_text][vc_column_text]<strong>12\/6\/17<\/strong> &#8211; <a href=\"http:\/\/www.infodefensa.com\/es\/2017\/06\/12\/noticia-pabellon-espana-bourget-acogera-empresas-instituciones.html\" target=\"_blank\" rel=\"noopener\">El Pabell\u00f3n de Espa\u00f1a en Le Bourget acoger\u00e1 a 23 empresas e instituciones<\/a>[\/vc_column_text][vc_column_text]<strong>12\/5\/17<\/strong> &#8211; <a href=\"http:\/\/www.infodefensa.com\/es\/2017\/05\/12\/noticia-raytheon-premia-sistemas-electronicos-mades.html\" target=\"_blank\" rel=\"noopener\">Raytheon premia la calidad de los sistemas electr\u00f3nicos de Mades<\/a>[\/vc_column_text][vc_column_text]<strong>1\/5\/17<\/strong> &#8211; <a href=\"http:\/\/www.vidaeconomica.com\/revistas\/n42\/mobile\/index.html#p=18\" target=\"_blank\" rel=\"noopener\">PTA, 25 a\u00f1os de progreso &#8211; Empresas fundadoras<\/a>[\/vc_column_text][vc_column_text]<strong>13\/3\/17<\/strong> &#8211; <a href=\"http:\/\/www.infodefensa.com\/es\/2017\/03\/13\/noticia-homsec-reunira-expositores-preve-recibir-15000-visitantes.html\" target=\"_blank\" rel=\"noopener\">Homsec reunir\u00e1 a 120 expositores y prev\u00e9 recibir 15.000 visitantes<\/a>[\/vc_column_text][vc_column_text]<strong>17\/2\/17<\/strong> &#8211; <a href=\"https:\/\/www.youtube.com\/watch?v=My4OUe7bKlE\" target=\"_blank\" rel=\"noopener\">VIDEO &#8211; Entrevista a Jos\u00e9 A. Buz\u00f3n en Transfiere 2017<\/a>[\/vc_column_text][vc_column_text]<strong>25\/1\/17<\/strong> &#8211; <a href=\"https:\/\/www.youtube.com\/watch?v=My4OUe7bKlE\" target=\"_blank\" rel=\"noopener\">Mades mostrar\u00e1 sus servicios para sistemas electr\u00f3nicos en el foro Transfiere<\/a>[\/vc_column_text][vc_column_text]<strong>23\/11\/16<\/strong>\u00a0&#8211; <a href=\"http:\/\/www.infodefensa.com\/es\/2016\/11\/23\/noticia-entrevista-mades.html\" target=\"_blank\" rel=\"noopener\">Moltalvan (Mades): \u00abEsperamos la aprobaci\u00f3n de nuevos proyectos en Espa\u00f1a para 2017\u00bb<\/a>[\/vc_column_text][vc_column_text]<strong>11\/1\/16<\/strong>\u00a0&#8211; <a href=\"https:\/\/issuu.com\/pta_malaga\/docs\/re87_pta_web\" target=\"_blank\" rel=\"noopener\">Entrevista a Jean F. Montalvan en la revista de informaci\u00f3n tecnol\u00f3gica IDEA<\/a>[\/vc_column_text][vc_column_text]<strong>26\/10\/16<\/strong>\u00a0&#8211; <a href=\"http:\/\/www.infodefensa.com\/es\/2016\/10\/26\/noticia-mades-aumenta-facturacion-hasta-millones.html\" target=\"_blank\" rel=\"noopener\">Mades aumenta su facturaci\u00f3n un 10% hasta los 21 millones<\/a>[\/vc_column_text][vc_column_text]<strong>15\/7\/16<\/strong>\u00a0&#8211; <a href=\"http:\/\/www.infodefensa.com\/es\/2016\/07\/15\/noticia-sedef-muestra-londres-apoyo-industria-espanola.html\" target=\"_blank\" rel=\"noopener\">La industria andaluza protagoniza la presencia espa\u00f1ola en la feria de Londres<\/a>[\/vc_column_text][vc_column_text]<strong>14\/6\/16<\/strong>\u00a0&#8211; <a href=\"http:\/\/www.defensa.com\/espana\/industria-espanola-eurosatory-2016\" target=\"_blank\" rel=\"noopener\">La industria espa\u00f1ola en Eurosatory 2016<\/a>[\/vc_column_text][vc_column_text]<strong>13\/6\/16<\/strong>\u00a0&#8211; <a href=\"http:\/\/www.infodefensa.com\/es\/2016\/06\/13\/noticia-tedae-impulsa-francia-internacionalizacion-empresas-espanolas.html\" target=\"_blank\" rel=\"noopener\">Tedae impulsa en Francia la internacionalizaci\u00f3n de las empresas<\/a>[\/vc_column_text][vc_column_text]<strong>9\/6\/16<\/strong>\u00a0&#8211; <a href=\"http:\/\/www.infodefensa.com\/es\/2016\/06\/09\/noticia-mades-acude-primera-feria-aplicaciones-defensa.html\" target=\"_blank\" rel=\"noopener\">Mades acude por primera vez a la feria con sus aplicaciones para la Defensa<\/a>[\/vc_column_text][vc_column_text]<strong>9\/6\/16<\/strong>\u00a0&#8211; <a href=\"http:\/\/www.infodefensa.com\/es\/2016\/06\/09\/noticia-empresas-mostraran-soluciones-pabellon-espanol.html\" target=\"_blank\" rel=\"noopener\">Once empresas mostrar\u00e1n sus equipos y sistemas terrestres en el pabell\u00f3n de Espa\u00f1a<\/a>[\/vc_column_text][vc_column_text]<strong>12\/5\/16<\/strong>\u00a0&#8211; <a href=\"https:\/\/extendaplus.es\/extendatv\/video_listing\/mades-sistemas-electronicos-en-el-aeronautico-europeo-y-norteamericano\/\" target=\"_blank\" rel=\"noopener\">VIDEO &#8211; Mades, sistemas electr\u00f3nicos en el aeron\u00e1utico europeo y norteamericano<\/a>[\/vc_column_text][vc_column_text]<strong>6\/5\/16<\/strong>\u00a0&#8211; <a href=\"http:\/\/www.infodefensa.com\/es\/2016\/05\/06\/noticia-mades-acredita-calidad-fabricacion-sistemas-electronicos.html\" target=\"_blank\" rel=\"noopener\">Nadcap renueva la acreditaci\u00f3n de Mades para fabricar sistemas electr\u00f3nicos<\/a>[\/vc_column_text][vc_column_text]<strong>23\/4\/16<\/strong>\u00a0&#8211; <a href=\"http:\/\/www.infodefensa.com\/es\/2016\/04\/23\/noticia-mades-cierra-incremento-ventas.html\" target=\"_blank\" rel=\"noopener\">Mades cierra 2015 con un incremento de m\u00e1s del 10% en las ventas<\/a>[\/vc_column_text][vc_column_text]<strong>22\/4\/16<\/strong>\u00a0&#8211; <a href=\"http:\/\/www.defensa.com\/espana\/mades-invierte-crecimiento-expansion\" target=\"_blank\" rel=\"noopener\">MADES invierte en crecimiento y expansi\u00f3n<\/a>[\/vc_column_text][vc_column_text]<strong>2\/1\/16<\/strong>\u00a0&#8211; <a href=\"http:\/\/www.infodefensa.com\/es\/2016\/02\/01\/noticia-ventas-sector-aeronautico-defensa-alcanzaron-millones.html\" target=\"_blank\" rel=\"noopener\">Las ventas en el sector aeron\u00e1utico de defensa espa\u00f1ol alcanzaron los 2.225 millones en 2014<\/a>[\/vc_column_text][vc_column_text]<strong>21\/10\/15<\/strong>\u00a0&#8211; <a href=\"http:\/\/www.infodefensa.com\/es\/2015\/10\/21\/noticia-empresa-mades-deseo-planta-industrial-referencia-electronica.html\" target=\"_blank\" rel=\"noopener\">La empresa MADES nace con el deseo de ser planta industrial de referencia en electr\u00f3nica<\/a>[\/vc_column_text][\/vc_column][\/mk_page_section]\n","protected":false},"excerpt":{"rendered":"<p>[mk_page_section sidebar=\u00bbsidebar-1&#8243;][vc_column][vc_empty_space][vc_column_text] PRENSA [\/vc_column_text][vc_empty_space][vc_column_text css=\u00bb.vc_custom_1551194180541{margin-bottom: 0px !important;}\u00bb]26\/02\/19 &#8211;\u00a0SPAIN Defence and Security Industry 2019.[\/vc_column_text][vc_column_text css=\u00bb.vc_custom_1547048325073{margin-bottom: 0px !important;}\u00bb]03\/12\/18 &#8211;\u00a0Mades capta trabajo por valor de m\u00e1s de 30 millones[\/vc_column_text][vc_column_text css=\u00bb.vc_custom_1547048261389{margin-bottom: 0px !important;}\u00bb]16\/10\/18 &#8211;\u00a0S-Moving re\u00fane en M\u00e1laga a los principales actores del futuro del transporte y la movilidad inteligente[\/vc_column_text][vc_column_text]09\/07\/18 &#8211;\u00a0Malaga, en la carrera de la industria 4.0[\/vc_column_text][vc_column_text]14\/06\/18 &#8211;\u00a0MADES en [&hellip;]<\/p>\n","protected":false},"author":13,"featured_media":0,"parent":0,"menu_order":0,"comment_status":"closed","ping_status":"closed","template":"","meta":{"rs_blank_template":"","rs_page_bg_color":"","slide_template_v7":"","footnotes":""},"class_list":["post-1430","page","type-page","status-publish","hentry"],"aioseo_notices":[],"_links":{"self":[{"href":"https:\/\/mades.es\/es\/wp-json\/wp\/v2\/pages\/1430","targetHints":{"allow":["GET"]}}],"collection":[{"href":"https:\/\/mades.es\/es\/wp-json\/wp\/v2\/pages"}],"about":[{"href":"https:\/\/mades.es\/es\/wp-json\/wp\/v2\/types\/page"}],"author":[{"embeddable":true,"href":"https:\/\/mades.es\/es\/wp-json\/wp\/v2\/users\/13"}],"replies":[{"embeddable":true,"href":"https:\/\/mades.es\/es\/wp-json\/wp\/v2\/comments?post=1430"}],"version-history":[{"count":0,"href":"https:\/\/mades.es\/es\/wp-json\/wp\/v2\/pages\/1430\/revisions"}],"wp:attachment":[{"href":"https:\/\/mades.es\/es\/wp-json\/wp\/v2\/media?parent=1430"}],"curies":[{"name":"wp","href":"https:\/\/api.w.org\/{rel}","templated":true}]}}