{"id":1043,"date":"2016-03-11T12:33:06","date_gmt":"2016-03-11T12:33:06","guid":{"rendered":"https:\/\/mades.es\/es\/?page_id=1043"},"modified":"2025-04-08T14:59:33","modified_gmt":"2025-04-08T12:59:33","slug":"noticias","status":"publish","type":"page","link":"https:\/\/mades.es\/es\/noticias\/","title":{"rendered":"MEDIOS"},"content":{"rendered":"<div class=\"wpb-content-wrapper\">[vc_row][vc_column width=\u00bb2\/3&#8243;][vc_column_text css=\u00bb.vc_custom_1550831494929{margin-bottom: 0px !important;}\u00bb]\n<h1>BLOG<\/h1>\n[\/vc_column_text][mk_blog style=\u00bbthumbnail\u00bb post_count=\u00bb12&#8243; item_id=\u00bb1457699542-56e2bad6802d5&#8243;][\/vc_column][vc_column width=\u00bb1\/3&#8243;][vc_column_text css=\u00bb.vc_custom_1550684777935{margin-bottom: 0px !important;}\u00bb]\n<h1>PRENSA<\/h1>\n[\/vc_column_text][vc_column_text css=\u00bb.vc_custom_1656411314972{margin-bottom: 0px !important;}\u00bb]<strong>28\/06\/22<\/strong> &#8211; <a href=\"https:\/\/www.infodefensa.com\/texto-diario\/mostrar\/3352562\/mades-renueva-certificaciones-calidad-apuesta-espacio-uav\" target=\"_blank\" rel=\"nofollow noopener\">Mades renueva sus certificaciones de calidad y apuesta por el espacio y los UAV<\/a>[\/vc_column_text][vc_column_text css=\u00bb.vc_custom_1656411386217{margin-bottom: 0px !important;}\u00bb]<strong>24\/05\/22<\/strong> &#8211; <a href=\"https:\/\/actualidadaeroespacial.com\/latecoere-completo-la-compra-de-la-compania-espanola-mades\/\" target=\"_blank\" rel=\"nofollow noopener\">Lat\u00e9co\u00e8re complet\u00f3 la compra de la compa\u00f1\u00eda espa\u00f1ola MADES<\/a>[\/vc_column_text][vc_column_text css=\u00bb.vc_custom_1656411322296{margin-bottom: 0px !important;}\u00bb]<strong>06\/02\/22<\/strong> &#8211; <a href=\"https:\/\/www.avionrevue.com\/espacio\/malaga-acoge-el-spanish-small-satellites-international-forum-2022\/\">M\u00e1laga acoge el Spanish Small Satellites International Forum 2022<\/a>[\/vc_column_text][vc_column_text css=\u00bb.vc_custom_1645130063585{margin-bottom: 0px !important;}\u00bb]<strong>04\/01\/22<\/strong> &#8211; <a href=\"https:\/\/www.defensa.com\/espana\/revalidacion-certificaciones-calidad-muestra-liderazgo-mades\">Revalidacion-certificaciones-calidad-muestra-liderazgo-mades<\/a>[\/vc_column_text][vc_column_text css=\u00bb.vc_custom_1578583648709{margin-bottom: 0px !important;}\u00bb]<strong>08\/01\/20<\/strong> &#8211;\u00a0<a title=\"\" href=\"https:\/\/www.expansion.com\/andalucia\/2020\/01\/08\/5e14ea5d468aeb26388b45a0.html\" target=\"_blank\" rel=\"noopener noreferrer\">Mades supera sus previsiones y cierra 2019 con 27 millones de ingresos<\/a>[\/vc_column_text][vc_column_text css=\u00bb.vc_custom_1561120999555{margin-bottom: 0px !important;}\u00bb]<strong>19\/05\/19<\/strong> &#8211;\u00a0<a title=\"\" href=\"https:\/\/www.safran-electronics-defense.com\/media\/observation-and-intelligence-safran-teams-hensoldt-and-mades-electro-optical\/infrared-platform-project-europes-future-male-drone-20190619\" target=\"_blank\" rel=\"noopener noreferrer\">Safran teams up with MADES and Hensoldt on Electro-Optical\/Infrared platform project for Europe\u2019s future MALE drone<\/a>[\/vc_column_text][vc_column_text css=\u00bb.vc_custom_1559643262462{margin-bottom: 0px !important;}\u00bb]<strong>29\/05\/19<\/strong> &#8211;\u00a0<a title=\"\" href=\"https:\/\/www.youtube.com\/watch?v=yQ6YR4UaFMc\" target=\"_blank\" rel=\"noopener noreferrer\">Mades en FEINDEF 2019 exponiendo sus Servicios de Fabricaci\u00f3n Electr\u00f3nica<\/a>[\/vc_column_text][vc_column_text css=\u00bb.vc_custom_1556614562208{margin-bottom: 0px !important;}\u00bb]<strong>22\/04\/19<\/strong> &#8211;\u00a0<a title=\"\" href=\"https:\/\/www.laopiniondemalaga.es\/malaga\/2019\/04\/22\/cifra-firmas-malaguenas-exportan-forma\/1083378.html\" target=\"_blank\" rel=\"noopener noreferrer\">Mades entre las empresas malague\u00f1as que m\u00e1s exportan<\/a>[\/vc_column_text][vc_column_text css=\u00bb.vc_custom_1556614518554{margin-bottom: 0px !important;}\u00bb]<strong>16\/02\/19<\/strong> &#8211;\u00a0<a title=\"\" href=\"https:\/\/www.infodefensa.com\/es\/2019\/02\/16\/noticia-mades-presenta-malaga-sistemas-electronicos-criticos.html\" target=\"_blank\" rel=\"noopener noreferrer\">Mades presenta en Malaga sus sistemas electr\u00f3nicos cr\u00edticos<\/a>[\/vc_column_text][vc_column_text css=\u00bb.vc_custom_1550684603054{margin-bottom: 0px !important;}\u00bb]<strong>03\/12\/18<\/strong> &#8211;\u00a0<a title=\"\" href=\"http:\/\/www.expansion.com\/andalucia\/2018\/12\/03\/5c047fd4e2704e06478b464f.html\" target=\"_blank\" rel=\"noopener noreferrer\">Mades capta trabajo por valor de m\u00e1s de 30 millones<\/a>[\/vc_column_text][vc_column_text css=\u00bb.vc_custom_1550685045997{margin-bottom: 0px !important;}\u00bb]<strong>07\/11\/18<\/strong> &#8211;\u00a0<a title=\"\" href=\"https:\/\/view.genial.ly\/5be41c5c7864200f103ca1d2\" target=\"_blank\" rel=\"noopener noreferrer\">Mades y el ciclo de \u2018Innovaci\u00f3n en la cadena de valor ferroviaria\u2019 (pag 18)<\/a>[\/vc_column_text][vc_column_text css=\u00bb.vc_custom_1550685061493{margin-bottom: 0px !important;}\u00bb]<strong>16\/10\/18<\/strong> &#8211;\u00a0<a title=\"\" href=\"https:\/\/www.europapress.es\/andalucia\/malaga-00356\/noticia-moving-reune-malaga-principales-actores-futuro-transporte-movilidad-inteligente-20181016171132.html\" target=\"_blank\" rel=\"noopener noreferrer\">S-Moving re\u00fane en M\u00e1laga a los principales actores del futuro del transporte y la movilidad inteligente<\/a>[\/vc_column_text][vc_column_text css=\u00bb.vc_custom_1550685102805{margin-bottom: 0px !important;}\u00bb]<strong>09\/07\/18<\/strong> &#8211;\u00a0<a href=\"https:\/\/www.laopiniondemalaga.es\/economia\/2018\/07\/09\/malaga-carrera-industria-40\/1018995.html\" target=\"_blank\" rel=\"noopener noreferrer\">Malaga, en la carrera de la industria 4.0<\/a>[\/vc_column_text][vc_column_text css=\u00bb.vc_custom_1550685118806{margin-bottom: 0px !important;}\u00bb]<strong>14\/06\/18<\/strong> &#8211;\u00a0<a href=\"http:\/\/www.redestelecom.es\/ferias\/agenda\/1106084001203\/s-moving-smart-autonomous-and-unmanned-vehicles-forum.1.html\" target=\"_blank\" rel=\"noopener noreferrer\">MADES en el Comit\u00e9 Organizador del Foro S-Moving<\/a>[\/vc_column_text][vc_column_text css=\u00bb.vc_custom_1550685134262{margin-bottom: 0px !important;}\u00bb]<strong>11\/05\/18<\/strong> &#8211;\u00a0<a href=\"https:\/\/www.linkedin.com\/feed\/update\/urn:li:activity:6400688186858704896\" target=\"_blank\" rel=\"noopener noreferrer\">MADES en ADM Sevilla 2018<\/a>[\/vc_column_text][vc_column_text css=\u00bb.vc_custom_1550685149407{margin-bottom: 0px !important;}\u00bb]<strong>14\/02\/18<\/strong> &#8211;\u00a0<a href=\"http:\/\/www.diariosur.es\/malaga-capital\/aertec-dekra-mades-20180214230633-nt.html\" target=\"_blank\" rel=\"noopener noreferrer\">Aertec, Dekra, Mades, Indra y Oracle aportan sus experiencias desde el PTA<\/a>[\/vc_column_text][vc_column_text css=\u00bb.vc_custom_1550685167350{margin-bottom: 0px !important;}\u00bb]<strong>13\/02\/18<\/strong> &#8211; <a href=\"http:\/\/www.defensa.com\/industria\/mades-expone-transfiere-capacidades-fabricacion-sistemas\" target=\"_blank\" rel=\"noopener noreferrer\">MADES expone en Transfiere sus capacidades en la fabricaci\u00f3n de sistemas electr\u00f3nicos<\/a>[\/vc_column_text][vc_column_text css=\u00bb.vc_custom_1550685287824{margin-bottom: 0px !important;}\u00bb]<strong>19\/12\/17<\/strong> &#8211;\u00a0<a href=\"http:\/\/www.expansion.com\/andalucia\/2017\/12\/19\/5a3842dd46163fdc418b4603.html\" target=\"_blank\" rel=\"noopener noreferrer\">Mades crecer\u00e1 dos d\u00edgitos en 2018 al abrigo de una nueva era expansiva<\/a>[\/vc_column_text][vc_column_text css=\u00bb.vc_custom_1550685301850{margin-bottom: 0px !important;}\u00bb]<strong>28\/11\/17<\/strong> &#8211;\u00a0<a href=\"http:\/\/www.laopiniondemalaga.es\/malaga\/2017\/11\/25\/pilar-tecnologico-malaga-cumple-25\/970380.html\" target=\"_blank\" rel=\"noopener noreferrer\">El pilar tecnol\u00f3gico de M\u00e1laga cumple 25 a\u00f1os<\/a>[\/vc_column_text][vc_column_text css=\u00bb.vc_custom_1550685314626{margin-bottom: 0px !important;}\u00bb]<strong>26\/11\/17<\/strong> &#8211;\u00a0<a href=\"http:\/\/www.laopiniondemalaga.es\/malaga\/2017\/11\/25\/pioneros-parque-tecnologico-andalucia\/970384.html\" target=\"_blank\" rel=\"noopener noreferrer\">Los pioneros del Parque Tecnol\u00f3gico de Andaluc\u00eda<\/a>[\/vc_column_text][vc_column_text css=\u00bb.vc_custom_1550685345697{margin-bottom: 0px !important;}\u00bb]<strong>31\/7\/17<\/strong> &#8211; <a href=\"http:\/\/www.infoespacial.com\/es\/2017\/07\/31\/noticia-andalucia-asociacion-empresarial-aeroespacial.html\" target=\"_blank\" rel=\"noopener noreferrer\">El sector aeroespacial andaluz se une para reforzar su presencia en H\u00e9lice<\/a>[\/vc_column_text][vc_column_text css=\u00bb.vc_custom_1550685359378{margin-bottom: 0px !important;}\u00bb]<strong>19\/6\/17<\/strong> &#8211; <a href=\"http:\/\/www.infodefensa.com\/es\/2017\/06\/19\/noticia-feria-bourget-puertas-treinta-empresas-espanolas.html\" target=\"_blank\" rel=\"noopener noreferrer\">Le Bourget abre las puertas de su 59 edici\u00f3n<\/a>[\/vc_column_text][vc_column_text css=\u00bb.vc_custom_1550685371657{margin-bottom: 0px !important;}\u00bb]<strong>15\/6\/17<\/strong> &#8211; <a href=\"http:\/\/www.infodefensa.com\/es\/2017\/06\/15\/noticia-mades-mostrara-bourget-servicios-fabricacion-aditiva.html\" target=\"_blank\" rel=\"noopener noreferrer\">Mades mostrar\u00e1 en Le Bourget sus servicios de fabricaci\u00f3n electr\u00f3nica<\/a>[\/vc_column_text][vc_column_text css=\u00bb.vc_custom_1550685384939{margin-bottom: 0px !important;}\u00bb]<strong>12\/6\/17<\/strong> &#8211; <a href=\"http:\/\/www.infodefensa.com\/es\/2017\/06\/12\/noticia-pabellon-espana-bourget-acogera-empresas-instituciones.html\" target=\"_blank\" rel=\"noopener noreferrer\">El Pabell\u00f3n de Espa\u00f1a en Le Bourget acoger\u00e1 a 23 empresas e instituciones<\/a>[\/vc_column_text][vc_column_text css=\u00bb.vc_custom_1550685402442{margin-bottom: 0px !important;}\u00bb]<strong>12\/5\/17<\/strong> &#8211; <a href=\"http:\/\/www.infodefensa.com\/es\/2017\/05\/12\/noticia-raytheon-premia-sistemas-electronicos-mades.html\" target=\"_blank\" rel=\"noopener noreferrer\">Raytheon premia la calidad de los sistemas electr\u00f3nicos de Mades<\/a>[\/vc_column_text][vc_column_text css=\u00bb.vc_custom_1550685415175{margin-bottom: 0px !important;}\u00bb]<strong>1\/5\/17<\/strong> &#8211; <a href=\"http:\/\/www.vidaeconomica.com\/revistas\/n42\/mobile\/index.html#p=18\" target=\"_blank\" rel=\"noopener noreferrer\">PTA, 25 a\u00f1os de progreso &#8211; Empresas fundadoras<\/a>[\/vc_column_text][vc_column_text css=\u00bb.vc_custom_1550685428436{margin-bottom: 0px !important;}\u00bb]<strong>13\/3\/17<\/strong> &#8211; <a href=\"http:\/\/www.infodefensa.com\/es\/2017\/03\/13\/noticia-homsec-reunira-expositores-preve-recibir-15000-visitantes.html\" target=\"_blank\" rel=\"noopener noreferrer\">Homsec reunir\u00e1 a 120 expositores y prev\u00e9 recibir 15.000 visitantes<\/a>[\/vc_column_text][vc_column_text css=\u00bb.vc_custom_1550685441579{margin-bottom: 0px !important;}\u00bb]<strong>17\/2\/17<\/strong> &#8211; <a href=\"https:\/\/www.youtube.com\/watch?v=My4OUe7bKlE\" target=\"_blank\" rel=\"noopener noreferrer\">VIDEO &#8211; Entrevista a Jos\u00e9 A. Buz\u00f3n en Transfiere 2017<\/a>[\/vc_column_text][vc_column_text css=\u00bb.vc_custom_1550685457476{margin-bottom: 0px !important;}\u00bb]<strong>25\/1\/17<\/strong> &#8211; <a href=\"https:\/\/www.youtube.com\/watch?v=My4OUe7bKlE\" target=\"_blank\" rel=\"noopener noreferrer\">Mades mostrar\u00e1 sus servicios para sistemas electr\u00f3nicos en el foro Transfiere<\/a>[\/vc_column_text][vc_column_text css=\u00bb.vc_custom_1550685473964{margin-bottom: 0px !important;}\u00bb]<strong>23\/11\/16<\/strong>\u00a0&#8211; <a href=\"http:\/\/www.infodefensa.com\/es\/2016\/11\/23\/noticia-entrevista-mades.html\" target=\"_blank\" rel=\"noopener noreferrer\">Moltalvan (Mades): \u00abEsperamos la aprobaci\u00f3n de nuevos proyectos en Espa\u00f1a para 2017\u00bb<\/a>[\/vc_column_text][vc_column_text css=\u00bb.vc_custom_1550685496460{margin-bottom: 0px !important;}\u00bb]<strong>11\/1\/16<\/strong>\u00a0&#8211; <a href=\"https:\/\/issuu.com\/pta_malaga\/docs\/re87_pta_web\" target=\"_blank\" rel=\"noopener noreferrer\">Entrevista a Jean F. Montalvan en la revista de informaci\u00f3n tecnol\u00f3gica IDEA<\/a>[\/vc_column_text][vc_column_text css=\u00bb.vc_custom_1550685517685{margin-bottom: 0px !important;}\u00bb]<strong>26\/10\/16<\/strong>\u00a0&#8211; <a href=\"http:\/\/www.infodefensa.com\/es\/2016\/10\/26\/noticia-mades-aumenta-facturacion-hasta-millones.html\" target=\"_blank\" rel=\"noopener noreferrer\">Mades aumenta su facturaci\u00f3n un 10% hasta los 21 millones<\/a>[\/vc_column_text][vc_column_text css=\u00bb.vc_custom_1550685530909{margin-bottom: 0px !important;}\u00bb]<strong>15\/7\/16<\/strong>\u00a0&#8211; <a href=\"http:\/\/www.infodefensa.com\/es\/2016\/07\/15\/noticia-sedef-muestra-londres-apoyo-industria-espanola.html\" target=\"_blank\" rel=\"noopener noreferrer\">La industria andaluza protagoniza la presencia espa\u00f1ola en la feria de Londres<\/a>[\/vc_column_text][vc_column_text css=\u00bb.vc_custom_1550685542813{margin-bottom: 0px !important;}\u00bb]<strong>14\/6\/16<\/strong>\u00a0&#8211; <a href=\"http:\/\/www.defensa.com\/espana\/industria-espanola-eurosatory-2016\" target=\"_blank\" rel=\"noopener noreferrer\">La industria espa\u00f1ola en Eurosatory 2016<\/a>[\/vc_column_text][vc_column_text css=\u00bb.vc_custom_1550685556678{margin-bottom: 0px !important;}\u00bb]<strong>13\/6\/16<\/strong>\u00a0&#8211; <a href=\"http:\/\/www.infodefensa.com\/es\/2016\/06\/13\/noticia-tedae-impulsa-francia-internacionalizacion-empresas-espanolas.html\" target=\"_blank\" rel=\"noopener noreferrer\">Tedae impulsa en Francia la internacionalizaci\u00f3n de las empresas<\/a>[\/vc_column_text][vc_column_text css=\u00bb.vc_custom_1550685570970{margin-bottom: 0px !important;}\u00bb]<strong>9\/6\/16<\/strong>\u00a0&#8211; <a href=\"http:\/\/www.infodefensa.com\/es\/2016\/06\/09\/noticia-mades-acude-primera-feria-aplicaciones-defensa.html\" target=\"_blank\" rel=\"noopener noreferrer\">Mades acude por primera vez a la feria con sus aplicaciones para la Defensa<\/a>[\/vc_column_text][vc_column_text css=\u00bb.vc_custom_1550685583670{margin-bottom: 0px !important;}\u00bb]<strong>9\/6\/16<\/strong>\u00a0&#8211; <a href=\"http:\/\/www.infodefensa.com\/es\/2016\/06\/09\/noticia-empresas-mostraran-soluciones-pabellon-espanol.html\" target=\"_blank\" rel=\"noopener noreferrer\">Once empresas mostrar\u00e1n sus equipos y sistemas terrestres en el pabell\u00f3n de Espa\u00f1a<\/a>[\/vc_column_text][vc_column_text css=\u00bb.vc_custom_1550685598726{margin-bottom: 0px !important;}\u00bb]<strong>12\/5\/16<\/strong>\u00a0&#8211; <a href=\"https:\/\/extendaplus.es\/extendatv\/video_listing\/mades-sistemas-electronicos-en-el-aeronautico-europeo-y-norteamericano\/\" target=\"_blank\" rel=\"noopener noreferrer\">VIDEO &#8211; Mades, sistemas electr\u00f3nicos en el aeron\u00e1utico europeo y norteamericano<\/a>[\/vc_column_text][vc_column_text css=\u00bb.vc_custom_1550685613135{margin-bottom: 0px !important;}\u00bb]<strong>6\/5\/16<\/strong>\u00a0&#8211; <a href=\"http:\/\/www.infodefensa.com\/es\/2016\/05\/06\/noticia-mades-acredita-calidad-fabricacion-sistemas-electronicos.html\" target=\"_blank\" rel=\"noopener noreferrer\">Nadcap renueva la acreditaci\u00f3n de Mades para fabricar sistemas electr\u00f3nicos<\/a>[\/vc_column_text][vc_column_text css=\u00bb.vc_custom_1550685624064{margin-bottom: 0px !important;}\u00bb]<strong>23\/4\/16<\/strong>\u00a0&#8211; <a href=\"http:\/\/www.infodefensa.com\/es\/2016\/04\/23\/noticia-mades-cierra-incremento-ventas.html\" target=\"_blank\" rel=\"noopener noreferrer\">Mades cierra 2015 con un incremento de m\u00e1s del 10% en las ventas<\/a>[\/vc_column_text][vc_column_text css=\u00bb.vc_custom_1550685639966{margin-bottom: 0px !important;}\u00bb]<strong>22\/4\/16<\/strong>\u00a0&#8211; <a href=\"http:\/\/www.defensa.com\/espana\/mades-invierte-crecimiento-expansion\" target=\"_blank\" rel=\"noopener noreferrer\">MADES invierte en crecimiento y expansi\u00f3n<\/a>[\/vc_column_text][vc_column_text css=\u00bb.vc_custom_1550685657598{margin-bottom: 0px !important;}\u00bb]<strong>2\/1\/16<\/strong>\u00a0&#8211; <a href=\"http:\/\/www.infodefensa.com\/es\/2016\/02\/01\/noticia-ventas-sector-aeronautico-defensa-alcanzaron-millones.html\" target=\"_blank\" rel=\"noopener noreferrer\">Las ventas en el sector aeron\u00e1utico de defensa espa\u00f1ol alcanzaron los 2.225 millones en 2014<\/a>[\/vc_column_text][vc_column_text css=\u00bb.vc_custom_1550685671591{margin-bottom: 0px !important;}\u00bb]<strong>21\/10\/15<\/strong>\u00a0&#8211; <a href=\"http:\/\/www.infodefensa.com\/es\/2015\/10\/21\/noticia-empresa-mades-deseo-planta-industrial-referencia-electronica.html\" target=\"_blank\" rel=\"noopener noreferrer\">La empresa MADES nace con el deseo de ser planta industrial de referencia en electr\u00f3nica<\/a>[\/vc_column_text][\/vc_column][\/vc_row]\n<\/div>","protected":false},"excerpt":{"rendered":"<p>[vc_row][vc_column width=\u00bb2\/3&#8243;][vc_column_text css=\u00bb.vc_custom_1550831494929{margin-bottom: 0px !important;}\u00bb] BLOG [\/vc_column_text][mk_blog style=\u00bbthumbnail\u00bb post_count=\u00bb12&#8243; item_id=\u00bb1457699542-56e2bad6802d5&#8243;][\/vc_column][vc_column width=\u00bb1\/3&#8243;][vc_column_text css=\u00bb.vc_custom_1550684777935{margin-bottom: 0px !important;}\u00bb] PRENSA [\/vc_column_text][vc_column_text css=\u00bb.vc_custom_1656411314972{margin-bottom: 0px !important;}\u00bb]28\/06\/22 &#8211; Mades renueva sus certificaciones de calidad y apuesta por el espacio y los UAV[\/vc_column_text][vc_column_text css=\u00bb.vc_custom_1656411386217{margin-bottom: 0px !important;}\u00bb]24\/05\/22 &#8211; Lat\u00e9co\u00e8re complet\u00f3 la compra de la compa\u00f1\u00eda espa\u00f1ola MADES[\/vc_column_text][vc_column_text css=\u00bb.vc_custom_1656411322296{margin-bottom: 0px !important;}\u00bb]06\/02\/22 &#8211; M\u00e1laga acoge el Spanish [&hellip;]<\/p>\n","protected":false},"author":13,"featured_media":0,"parent":0,"menu_order":0,"comment_status":"closed","ping_status":"closed","template":"","meta":{"rs_blank_template":"","rs_page_bg_color":"","slide_template_v7":"","footnotes":""},"class_list":["post-1043","page","type-page","status-publish","hentry"],"aioseo_notices":[],"_links":{"self":[{"href":"https:\/\/mades.es\/es\/wp-json\/wp\/v2\/pages\/1043","targetHints":{"allow":["GET"]}}],"collection":[{"href":"https:\/\/mades.es\/es\/wp-json\/wp\/v2\/pages"}],"about":[{"href":"https:\/\/mades.es\/es\/wp-json\/wp\/v2\/types\/page"}],"author":[{"embeddable":true,"href":"https:\/\/mades.es\/es\/wp-json\/wp\/v2\/users\/13"}],"replies":[{"embeddable":true,"href":"https:\/\/mades.es\/es\/wp-json\/wp\/v2\/comments?post=1043"}],"version-history":[{"count":2,"href":"https:\/\/mades.es\/es\/wp-json\/wp\/v2\/pages\/1043\/revisions"}],"predecessor-version":[{"id":5133,"href":"https:\/\/mades.es\/es\/wp-json\/wp\/v2\/pages\/1043\/revisions\/5133"}],"wp:attachment":[{"href":"https:\/\/mades.es\/es\/wp-json\/wp\/v2\/media?parent=1043"}],"curies":[{"name":"wp","href":"https:\/\/api.w.org\/{rel}","templated":true}]}}